{"id":873,"date":"2017-07-11T11:49:31","date_gmt":"2017-07-11T11:49:31","guid":{"rendered":"https:\/\/footwear.usernet.hu\/oldalterkep\/"},"modified":"2017-07-11T11:49:31","modified_gmt":"2017-07-11T11:49:31","slug":"oldalterkep","status":"publish","type":"page","link":"https:\/\/footwear.trocellen.com\/hu\/oldalterkep\/","title":{"rendered":"Oldalt\u00e9rk\u00e9p"},"content":{"rendered":"\n<!-- Page-list plugin v.4.5 wordpress.org\/plugins\/page-list\/ -->\n<ul class=\"page-list \">\n<li class=\"page_item page-item-856 page_item_has_children\"><a href=\"https:\/\/footwear.trocellen.com\/hu\/alkalmazasok\/\">Alkalmaz\u00e1sok<\/a>\n<ul class='children'>\n\t<li class=\"page_item page-item-730 page_item_has_children\"><a href=\"https:\/\/footwear.trocellen.com\/hu\/alkalmazasok\/belesek\/\">B\u00e9l\u00e9sek<\/a>\n\t<ul class='children'>\n\t\t<li class=\"page_item page-item-760\"><a href=\"https:\/\/footwear.trocellen.com\/hu\/alkalmazasok\/belesek\/belesek-2\/\">B\u00e9l\u00e9sek<\/a><\/li>\n\t\t<li class=\"page_item page-item-766\"><a href=\"https:\/\/footwear.trocellen.com\/hu\/alkalmazasok\/belesek\/erositesek\/\">Er\u0151s\u00edt\u00e9sek<\/a><\/li>\n\t\t<li class=\"page_item page-item-754\"><a href=\"https:\/\/footwear.trocellen.com\/hu\/alkalmazasok\/belesek\/lepeskonnyito-betetek\/\">L\u00e9p\u00e9sk\u00f6nny\u00edt\u0151 bet\u00e9tek<\/a><\/li>\n\t\t<li class=\"page_item page-item-772\"><a href=\"https:\/\/footwear.trocellen.com\/hu\/alkalmazasok\/belesek\/papucsok\/\">Papucsok<\/a><\/li>\n\t\t<li class=\"page_item page-item-748\"><a href=\"https:\/\/footwear.trocellen.com\/hu\/alkalmazasok\/belesek\/talpbetetek\/\">Talpbet\u00e9tek<\/a><\/li>\n\t<\/ul>\n<\/li>\n\t<li class=\"page_item page-item-736 page_item_has_children\"><a href=\"https:\/\/footwear.trocellen.com\/hu\/alkalmazasok\/felsoreszek\/\">Fels\u0151r\u00e9szek<\/a>\n\t<ul class='children'>\n\t\t<li class=\"page_item page-item-790\"><a href=\"https:\/\/footwear.trocellen.com\/hu\/alkalmazasok\/felsoreszek\/biztonsagi-cipoelemek\/\">Biztons\u00e1gi cip\u0151elemek<\/a><\/li>\n\t\t<li class=\"page_item page-item-778\"><a href=\"https:\/\/footwear.trocellen.com\/hu\/alkalmazasok\/felsoreszek\/motoros-csizma-felsoresz\/\">Motoros csizma fels\u0151r\u00e9sz<\/a><\/li>\n\t\t<li class=\"page_item page-item-796\"><a href=\"https:\/\/footwear.trocellen.com\/hu\/alkalmazasok\/felsoreszek\/sibakancs-felsoresz\/\">S\u00edbakancs fels\u0151r\u00e9sz<\/a><\/li>\n\t\t<li class=\"page_item page-item-784\"><a href=\"https:\/\/footwear.trocellen.com\/hu\/alkalmazasok\/felsoreszek\/turabakancs-felsoresz\/\">T\u00farabakancs fels\u0151r\u00e9sz<\/a><\/li>\n\t<\/ul>\n<\/li>\n\t<li class=\"page_item page-item-742 page_item_has_children\"><a href=\"https:\/\/footwear.trocellen.com\/hu\/alkalmazasok\/betetek-es-vedelem\/\">Bet\u00e9tek \u00e9s v\u00e9delem<\/a>\n\t<ul class='children'>\n\t\t<li class=\"page_item page-item-814\"><a href=\"https:\/\/footwear.trocellen.com\/hu\/alkalmazasok\/betetek-es-vedelem\/parnazasok\/\">P\u00e1rn\u00e1z\u00e1sok<\/a><\/li>\n\t\t<li class=\"page_item page-item-802\"><a href=\"https:\/\/footwear.trocellen.com\/hu\/alkalmazasok\/betetek-es-vedelem\/ruhabetetek\/\">Ruhabet\u00e9tek<\/a><\/li>\n\t\t<li class=\"page_item page-item-808\"><a href=\"https:\/\/footwear.trocellen.com\/hu\/alkalmazasok\/betetek-es-vedelem\/shockfree-technologia-mar-a-vedofelszerelesekben-is\/\">Shockfree technol\u00f3gia m\u00e1r a v\u00e9d\u0151felszerel\u00e9sekben is!<\/a><\/li>\n\t\t<li class=\"page_item page-item-820\"><a href=\"https:\/\/footwear.trocellen.com\/hu\/alkalmazasok\/betetek-es-vedelem\/vedelem\/\">V\u00e9delem<\/a><\/li>\n\t<\/ul>\n<\/li>\n\t<li class=\"page_item page-item-879\"><a href=\"https:\/\/footwear.trocellen.com\/hu\/alkalmazasok\/lezser-cipok\/\">Lezser cip\u0151k<\/a><\/li>\n\t<li class=\"page_item page-item-885\"><a href=\"https:\/\/footwear.trocellen.com\/hu\/alkalmazasok\/borondok\/\">B\u0151r\u00f6nd\u00f6k<\/a><\/li>\n\t<li class=\"page_item page-item-891\"><a href=\"https:\/\/footwear.trocellen.com\/hu\/alkalmazasok\/motor-kiegeszitok-vedofelszereles\/\">Motor kieg\u00e9sz\u00edt\u0151k&amp; v\u00e9d\u0151felszerel\u00e9s<\/a><\/li>\n<\/ul>\n<\/li>\n<li class=\"page_item page-item-838\"><a href=\"https:\/\/footwear.trocellen.com\/hu\/downloads\/\">Downloads<\/a><\/li>\n<li class=\"page_item page-item-862\"><a href=\"https:\/\/footwear.trocellen.com\/hu\/foam-in-footwear\/\">Foam in Footwear<\/a><\/li>\n<li class=\"page_item page-item-867\"><a href=\"https:\/\/footwear.trocellen.com\/hu\/\">F\u0151oldal<\/a><\/li>\n<li class=\"page_item page-item-897 page_item_has_children\"><a href=\"https:\/\/footwear.trocellen.com\/hu\/kapcsolat\/\">Kapcsolat<\/a>\n<ul class='children'>\n\t<li class=\"page_item page-item-903\"><a href=\"https:\/\/footwear.trocellen.com\/hu\/kapcsolat\/koszonjuk\/\">K\u00f6sz\u00f6nj\u00fck!<\/a><\/li>\n<\/ul>\n<\/li>\n<li class=\"page_item page-item-850\"><a href=\"https:\/\/footwear.trocellen.com\/hu\/minosegbiztositas\/\">Min\u0151s\u00e9gbiztos\u00edt\u00e1s<\/a><\/li>\n<li class=\"page_item page-item-873\"><a href=\"https:\/\/footwear.trocellen.com\/hu\/oldalterkep\/\">Oldalt\u00e9rk\u00e9p<\/a><\/li>\n<li class=\"page_item page-item-844\"><a href=\"https:\/\/footwear.trocellen.com\/hu\/referenciak\/\">Referenci\u00e1k<\/a><\/li>\n<li class=\"page_item page-item-832\"><a href=\"https:\/\/footwear.trocellen.com\/hu\/technologia\/\">Technol\u00f3gia<\/a><\/li>\n<li class=\"page_item page-item-826\"><a href=\"https:\/\/footwear.trocellen.com\/hu\/trocellen-cipoipari-uzletag-konnyed-lepes\/\">Trocellen Cip\u0151ipari \u00dczlet\u00e1g \u2013 K\u00f6nnyed l\u00e9p\u00e9s<\/a><\/li>\n\n<\/ul>\n","protected":false},"excerpt":{"rendered":"","protected":false},"author":1,"featured_media":0,"parent":0,"menu_order":0,"comment_status":"closed","ping_status":"closed","template":"templates\/one-column.php","meta":{"_acf_changed":false,"footnotes":""},"class_list":["post-873","page","type-page","status-publish","hentry"],"acf":[],"yoast_head":"<!-- This site is optimized with the Yoast SEO plugin v23.5 - https:\/\/yoast.com\/wordpress\/plugins\/seo\/ -->\n<title>Oldalt\u00e9rk\u00e9p - Footwear<\/title>\n<meta name=\"robots\" content=\"index, follow, max-snippet:-1, max-image-preview:large, max-video-preview:-1\" \/>\n<link rel=\"canonical\" href=\"https:\/\/footwear.trocellen.com\/hu\/oldalterkep\/\" \/>\n<script type=\"application\/ld+json\" class=\"yoast-schema-graph\">{\"@context\":\"https:\/\/schema.org\",\"@graph\":[{\"@type\":\"WebPage\",\"@id\":\"https:\/\/footwear.trocellen.com\/hu\/oldalterkep\/\",\"url\":\"https:\/\/footwear.trocellen.com\/hu\/oldalterkep\/\",\"name\":\"Oldalt\u00e9rk\u00e9p - Footwear\",\"isPartOf\":{\"@id\":\"https:\/\/footwear.trocellen.com\/#website\"},\"datePublished\":\"2017-07-11T11:49:31+00:00\",\"dateModified\":\"2017-07-11T11:49:31+00:00\",\"breadcrumb\":{\"@id\":\"https:\/\/footwear.trocellen.com\/hu\/oldalterkep\/#breadcrumb\"},\"inLanguage\":\"hu\",\"potentialAction\":[{\"@type\":\"ReadAction\",\"target\":[\"https:\/\/footwear.trocellen.com\/hu\/oldalterkep\/\"]}]},{\"@type\":\"BreadcrumbList\",\"@id\":\"https:\/\/footwear.trocellen.com\/hu\/oldalterkep\/#breadcrumb\",\"itemListElement\":[{\"@type\":\"ListItem\",\"position\":1,\"name\":\"Home\",\"item\":\"https:\/\/footwear.trocellen.com\/hu\/\"},{\"@type\":\"ListItem\",\"position\":2,\"name\":\"Oldalt\u00e9rk\u00e9p\"}]},{\"@type\":\"WebSite\",\"@id\":\"https:\/\/footwear.trocellen.com\/#website\",\"url\":\"https:\/\/footwear.trocellen.com\/\",\"name\":\"Footwear\",\"description\":\"\",\"potentialAction\":[{\"@type\":\"SearchAction\",\"target\":{\"@type\":\"EntryPoint\",\"urlTemplate\":\"https:\/\/footwear.trocellen.com\/?s={search_term_string}\"},\"query-input\":{\"@type\":\"PropertyValueSpecification\",\"valueRequired\":true,\"valueName\":\"search_term_string\"}}],\"inLanguage\":\"hu\"}]}<\/script>\n<!-- \/ Yoast SEO plugin. -->","yoast_head_json":{"title":"Oldalt\u00e9rk\u00e9p - Footwear","robots":{"index":"index","follow":"follow","max-snippet":"max-snippet:-1","max-image-preview":"max-image-preview:large","max-video-preview":"max-video-preview:-1"},"canonical":"https:\/\/footwear.trocellen.com\/hu\/oldalterkep\/","schema":{"@context":"https:\/\/schema.org","@graph":[{"@type":"WebPage","@id":"https:\/\/footwear.trocellen.com\/hu\/oldalterkep\/","url":"https:\/\/footwear.trocellen.com\/hu\/oldalterkep\/","name":"Oldalt\u00e9rk\u00e9p - Footwear","isPartOf":{"@id":"https:\/\/footwear.trocellen.com\/#website"},"datePublished":"2017-07-11T11:49:31+00:00","dateModified":"2017-07-11T11:49:31+00:00","breadcrumb":{"@id":"https:\/\/footwear.trocellen.com\/hu\/oldalterkep\/#breadcrumb"},"inLanguage":"hu","potentialAction":[{"@type":"ReadAction","target":["https:\/\/footwear.trocellen.com\/hu\/oldalterkep\/"]}]},{"@type":"BreadcrumbList","@id":"https:\/\/footwear.trocellen.com\/hu\/oldalterkep\/#breadcrumb","itemListElement":[{"@type":"ListItem","position":1,"name":"Home","item":"https:\/\/footwear.trocellen.com\/hu\/"},{"@type":"ListItem","position":2,"name":"Oldalt\u00e9rk\u00e9p"}]},{"@type":"WebSite","@id":"https:\/\/footwear.trocellen.com\/#website","url":"https:\/\/footwear.trocellen.com\/","name":"Footwear","description":"","potentialAction":[{"@type":"SearchAction","target":{"@type":"EntryPoint","urlTemplate":"https:\/\/footwear.trocellen.com\/?s={search_term_string}"},"query-input":{"@type":"PropertyValueSpecification","valueRequired":true,"valueName":"search_term_string"}}],"inLanguage":"hu"}]}},"_links":{"self":[{"href":"https:\/\/footwear.trocellen.com\/hu\/wp-json\/wp\/v2\/pages\/873","targetHints":{"allow":["GET"]}}],"collection":[{"href":"https:\/\/footwear.trocellen.com\/hu\/wp-json\/wp\/v2\/pages"}],"about":[{"href":"https:\/\/footwear.trocellen.com\/hu\/wp-json\/wp\/v2\/types\/page"}],"author":[{"embeddable":true,"href":"https:\/\/footwear.trocellen.com\/hu\/wp-json\/wp\/v2\/users\/1"}],"replies":[{"embeddable":true,"href":"https:\/\/footwear.trocellen.com\/hu\/wp-json\/wp\/v2\/comments?post=873"}],"version-history":[{"count":0,"href":"https:\/\/footwear.trocellen.com\/hu\/wp-json\/wp\/v2\/pages\/873\/revisions"}],"wp:attachment":[{"href":"https:\/\/footwear.trocellen.com\/hu\/wp-json\/wp\/v2\/media?parent=873"}],"curies":[{"name":"wp","href":"https:\/\/api.w.org\/{rel}","templated":true}]}}