{"id":879,"date":"2017-08-17T12:55:07","date_gmt":"2017-08-17T12:55:07","guid":{"rendered":"https:\/\/footwear.usernet.hu\/lezser-cipok\/"},"modified":"2017-08-17T12:55:07","modified_gmt":"2017-08-17T12:55:07","slug":"lezser-cipok","status":"publish","type":"page","link":"https:\/\/footwear.trocellen.com\/hu\/alkalmazasok\/lezser-cipok\/","title":{"rendered":"Lezser cip\u0151k"},"content":{"rendered":"<p>A modern \u00e9lettel j\u00e1r\u00f3 nagym\u00e9rt\u00e9k\u0171 kop\u00e1snak ellen\u00e1ll\u00f3 anyagokat haszn\u00e1lunk \u00e9s ezeket a h\u00e9tk\u00f6znapi \u00e9letben haszn\u00e1latos cip\u0151k\u00f6n alkalmaztuk, a c\u00e9lunk a j\u00f3l szell\u0151z\u0151 \u00e9s k\u00e9nyelmes l\u00e1bbelik l\u00e9trehoz\u00e1sa.<\/p>\n<h2>Anyagok \u00e9s m\u00e9retek<\/h2>\n<ul>\n<li>Habos\u00edtott polietil\u00e9n<img loading=\"lazy\" decoding=\"async\" class=\"alignright size-medium wp-image-523\" src=\"https:\/\/footwear.trocellen.com\/wp-content\/uploads\/sites\/7\/2017\/08\/footwear_casual_001-300x265.png\" alt=\"\" width=\"300\" height=\"265\" srcset=\"https:\/\/footwear.trocellen.com\/wp-content\/uploads\/sites\/7\/2017\/08\/footwear_casual_001-300x265.png 300w, https:\/\/footwear.trocellen.com\/wp-content\/uploads\/sites\/7\/2017\/08\/footwear_casual_001-768x678.png 768w, https:\/\/footwear.trocellen.com\/wp-content\/uploads\/sites\/7\/2017\/08\/footwear_casual_001-1024x904.png 1024w\" sizes=\"auto, (max-width: 300px) 100vw, 300px\" \/><\/li>\n<li>60-130 kg\/m3 f\u00e9l-merev t\u00edpus<\/li>\n<li>Vastags\u00e1ga 3 &#8211; 15mm<\/li>\n<\/ul>\n<h2>Jellemz\u0151k<\/h2>\n<ul>\n<li>Kiv\u00e1l\u00f3 szell\u0151z\u00e9s<\/li>\n<li>K\u00f6nny\u0171s\u00e9g<\/li>\n<li>K\u00f6nnyen kezelhet\u0151s\u00e9g\/K\u00e9nyelem<\/li>\n<\/ul>\n","protected":false},"excerpt":{"rendered":"<p>A modern \u00e9lettel j\u00e1r\u00f3 nagym\u00e9rt\u00e9k\u0171 kop\u00e1snak ellen\u00e1ll\u00f3 anyagokat haszn\u00e1lunk \u00e9s ezeket a h\u00e9tk\u00f6znapi \u00e9letben haszn\u00e1latos cip\u0151k\u00f6n alkalmaztuk, a c\u00e9lunk a j\u00f3l szell\u0151z\u0151 \u00e9s k\u00e9nyelmes l\u00e1bbelik l\u00e9trehoz\u00e1sa. Anyagok \u00e9s m\u00e9retek Habos\u00edtott polietil\u00e9n 60-130 kg\/m3 f\u00e9l-merev t\u00edpus Vastags\u00e1ga 3 &#8211; 15mm Jellemz\u0151k Kiv\u00e1l\u00f3 szell\u0151z\u00e9s K\u00f6nny\u0171s\u00e9g K\u00f6nnyen kezelhet\u0151s\u00e9g\/K\u00e9nyelem<\/p>\n","protected":false},"author":1,"featured_media":0,"parent":856,"menu_order":4,"comment_status":"closed","ping_status":"closed","template":"","meta":{"_acf_changed":false,"footnotes":""},"class_list":["post-879","page","type-page","status-publish","hentry"],"acf":[],"yoast_head":"<!-- This site is optimized with the Yoast SEO plugin v23.5 - https:\/\/yoast.com\/wordpress\/plugins\/seo\/ -->\n<title>Lezser cip\u0151k - Footwear<\/title>\n<meta name=\"robots\" content=\"index, follow, max-snippet:-1, max-image-preview:large, max-video-preview:-1\" \/>\n<link rel=\"canonical\" href=\"https:\/\/footwear.trocellen.com\/hu\/alkalmazasok\/lezser-cipok\/\" \/>\n<script type=\"application\/ld+json\" class=\"yoast-schema-graph\">{\"@context\":\"https:\/\/schema.org\",\"@graph\":[{\"@type\":\"WebPage\",\"@id\":\"https:\/\/footwear.trocellen.com\/hu\/alkalmazasok\/lezser-cipok\/\",\"url\":\"https:\/\/footwear.trocellen.com\/hu\/alkalmazasok\/lezser-cipok\/\",\"name\":\"Lezser cip\u0151k - Footwear\",\"isPartOf\":{\"@id\":\"https:\/\/footwear.trocellen.com\/#website\"},\"primaryImageOfPage\":{\"@id\":\"https:\/\/footwear.trocellen.com\/hu\/alkalmazasok\/lezser-cipok\/#primaryimage\"},\"image\":{\"@id\":\"https:\/\/footwear.trocellen.com\/hu\/alkalmazasok\/lezser-cipok\/#primaryimage\"},\"thumbnailUrl\":\"https:\/\/footwear.trocellen.com\/wp-content\/uploads\/sites\/7\/2017\/08\/footwear_casual_001-300x265.png\",\"datePublished\":\"2017-08-17T12:55:07+00:00\",\"dateModified\":\"2017-08-17T12:55:07+00:00\",\"breadcrumb\":{\"@id\":\"https:\/\/footwear.trocellen.com\/hu\/alkalmazasok\/lezser-cipok\/#breadcrumb\"},\"inLanguage\":\"hu\",\"potentialAction\":[{\"@type\":\"ReadAction\",\"target\":[\"https:\/\/footwear.trocellen.com\/hu\/alkalmazasok\/lezser-cipok\/\"]}]},{\"@type\":\"ImageObject\",\"inLanguage\":\"hu\",\"@id\":\"https:\/\/footwear.trocellen.com\/hu\/alkalmazasok\/lezser-cipok\/#primaryimage\",\"url\":\"https:\/\/footwear.trocellen.com\/wp-content\/uploads\/sites\/7\/2017\/08\/footwear_casual_001-300x265.png\",\"contentUrl\":\"https:\/\/footwear.trocellen.com\/wp-content\/uploads\/sites\/7\/2017\/08\/footwear_casual_001-300x265.png\"},{\"@type\":\"BreadcrumbList\",\"@id\":\"https:\/\/footwear.trocellen.com\/hu\/alkalmazasok\/lezser-cipok\/#breadcrumb\",\"itemListElement\":[{\"@type\":\"ListItem\",\"position\":1,\"name\":\"Home\",\"item\":\"https:\/\/footwear.trocellen.com\/hu\/\"},{\"@type\":\"ListItem\",\"position\":2,\"name\":\"Alkalmaz\u00e1sok\",\"item\":\"https:\/\/footwear.trocellen.com\/hu\/alkalmazasok\/\"},{\"@type\":\"ListItem\",\"position\":3,\"name\":\"Lezser cip\u0151k\"}]},{\"@type\":\"WebSite\",\"@id\":\"https:\/\/footwear.trocellen.com\/#website\",\"url\":\"https:\/\/footwear.trocellen.com\/\",\"name\":\"Footwear\",\"description\":\"\",\"potentialAction\":[{\"@type\":\"SearchAction\",\"target\":{\"@type\":\"EntryPoint\",\"urlTemplate\":\"https:\/\/footwear.trocellen.com\/?s={search_term_string}\"},\"query-input\":{\"@type\":\"PropertyValueSpecification\",\"valueRequired\":true,\"valueName\":\"search_term_string\"}}],\"inLanguage\":\"hu\"}]}<\/script>\n<!-- \/ Yoast SEO plugin. -->","yoast_head_json":{"title":"Lezser cip\u0151k - Footwear","robots":{"index":"index","follow":"follow","max-snippet":"max-snippet:-1","max-image-preview":"max-image-preview:large","max-video-preview":"max-video-preview:-1"},"canonical":"https:\/\/footwear.trocellen.com\/hu\/alkalmazasok\/lezser-cipok\/","schema":{"@context":"https:\/\/schema.org","@graph":[{"@type":"WebPage","@id":"https:\/\/footwear.trocellen.com\/hu\/alkalmazasok\/lezser-cipok\/","url":"https:\/\/footwear.trocellen.com\/hu\/alkalmazasok\/lezser-cipok\/","name":"Lezser cip\u0151k - Footwear","isPartOf":{"@id":"https:\/\/footwear.trocellen.com\/#website"},"primaryImageOfPage":{"@id":"https:\/\/footwear.trocellen.com\/hu\/alkalmazasok\/lezser-cipok\/#primaryimage"},"image":{"@id":"https:\/\/footwear.trocellen.com\/hu\/alkalmazasok\/lezser-cipok\/#primaryimage"},"thumbnailUrl":"https:\/\/footwear.trocellen.com\/wp-content\/uploads\/sites\/7\/2017\/08\/footwear_casual_001-300x265.png","datePublished":"2017-08-17T12:55:07+00:00","dateModified":"2017-08-17T12:55:07+00:00","breadcrumb":{"@id":"https:\/\/footwear.trocellen.com\/hu\/alkalmazasok\/lezser-cipok\/#breadcrumb"},"inLanguage":"hu","potentialAction":[{"@type":"ReadAction","target":["https:\/\/footwear.trocellen.com\/hu\/alkalmazasok\/lezser-cipok\/"]}]},{"@type":"ImageObject","inLanguage":"hu","@id":"https:\/\/footwear.trocellen.com\/hu\/alkalmazasok\/lezser-cipok\/#primaryimage","url":"https:\/\/footwear.trocellen.com\/wp-content\/uploads\/sites\/7\/2017\/08\/footwear_casual_001-300x265.png","contentUrl":"https:\/\/footwear.trocellen.com\/wp-content\/uploads\/sites\/7\/2017\/08\/footwear_casual_001-300x265.png"},{"@type":"BreadcrumbList","@id":"https:\/\/footwear.trocellen.com\/hu\/alkalmazasok\/lezser-cipok\/#breadcrumb","itemListElement":[{"@type":"ListItem","position":1,"name":"Home","item":"https:\/\/footwear.trocellen.com\/hu\/"},{"@type":"ListItem","position":2,"name":"Alkalmaz\u00e1sok","item":"https:\/\/footwear.trocellen.com\/hu\/alkalmazasok\/"},{"@type":"ListItem","position":3,"name":"Lezser cip\u0151k"}]},{"@type":"WebSite","@id":"https:\/\/footwear.trocellen.com\/#website","url":"https:\/\/footwear.trocellen.com\/","name":"Footwear","description":"","potentialAction":[{"@type":"SearchAction","target":{"@type":"EntryPoint","urlTemplate":"https:\/\/footwear.trocellen.com\/?s={search_term_string}"},"query-input":{"@type":"PropertyValueSpecification","valueRequired":true,"valueName":"search_term_string"}}],"inLanguage":"hu"}]}},"_links":{"self":[{"href":"https:\/\/footwear.trocellen.com\/hu\/wp-json\/wp\/v2\/pages\/879","targetHints":{"allow":["GET"]}}],"collection":[{"href":"https:\/\/footwear.trocellen.com\/hu\/wp-json\/wp\/v2\/pages"}],"about":[{"href":"https:\/\/footwear.trocellen.com\/hu\/wp-json\/wp\/v2\/types\/page"}],"author":[{"embeddable":true,"href":"https:\/\/footwear.trocellen.com\/hu\/wp-json\/wp\/v2\/users\/1"}],"replies":[{"embeddable":true,"href":"https:\/\/footwear.trocellen.com\/hu\/wp-json\/wp\/v2\/comments?post=879"}],"version-history":[{"count":0,"href":"https:\/\/footwear.trocellen.com\/hu\/wp-json\/wp\/v2\/pages\/879\/revisions"}],"up":[{"embeddable":true,"href":"https:\/\/footwear.trocellen.com\/hu\/wp-json\/wp\/v2\/pages\/856"}],"wp:attachment":[{"href":"https:\/\/footwear.trocellen.com\/hu\/wp-json\/wp\/v2\/media?parent=879"}],"curies":[{"name":"wp","href":"https:\/\/api.w.org\/{rel}","templated":true}]}}