{"id":885,"date":"2017-08-17T12:57:24","date_gmt":"2017-08-17T12:57:24","guid":{"rendered":"https:\/\/footwear.usernet.hu\/borondok\/"},"modified":"2017-08-17T12:57:24","modified_gmt":"2017-08-17T12:57:24","slug":"borondok","status":"publish","type":"page","link":"https:\/\/footwear.trocellen.com\/hu\/alkalmazasok\/borondok\/","title":{"rendered":"B\u0151r\u00f6nd\u00f6k"},"content":{"rendered":"<p>Az \u00e1talunk haszn\u00e1lt speci\u00e1lis habos\u00edtott polietil\u00e9nnek k\u00f6sz\u00f6nhet\u0151en k\u00fcl\u00f6nleges term\u00e9kcsal\u00e1dunk tagjai rendk\u00edv\u00fcl teherb\u00edr\u00f3k \u00e9s k\u00e9nyelmesek.<\/p>\n<h2>Anyag \u00e9s m\u00e9retek<\/h2>\n<ul>\n<li>Habos\u00edtott polietil\u00e9n<img loading=\"lazy\" decoding=\"async\" class=\"alignright size-medium wp-image-525\" src=\"https:\/\/footwear.trocellen.com\/wp-content\/uploads\/sites\/7\/2017\/08\/trocellen_transport_inserts_001-295x300.png\" alt=\"\" width=\"295\" height=\"300\" srcset=\"https:\/\/footwear.trocellen.com\/wp-content\/uploads\/sites\/7\/2017\/08\/trocellen_transport_inserts_001-295x300.png 295w, https:\/\/footwear.trocellen.com\/wp-content\/uploads\/sites\/7\/2017\/08\/trocellen_transport_inserts_001-768x781.png 768w, https:\/\/footwear.trocellen.com\/wp-content\/uploads\/sites\/7\/2017\/08\/trocellen_transport_inserts_001-1007x1024.png 1007w\" sizes=\"auto, (max-width: 295px) 100vw, 295px\" \/><\/li>\n<li>100-130 merev t\u00edpus<\/li>\n<li>Vastags\u00e1ga 4 &#8211; 5mm<\/li>\n<\/ul>\n<h2>Jellemz\u0151k<\/h2>\n<ul>\n<li>Magas teherb\u00edr\u00e1s<\/li>\n<li>K\u00f6nnyen kezelhet\u0151s\u00e9g<\/li>\n<li>Kiv\u00e1l\u00f3 h\u0151form\u00e1zhat\u00f3s\u00e1g<\/li>\n<\/ul>\n","protected":false},"excerpt":{"rendered":"<p>Az \u00e1talunk haszn\u00e1lt speci\u00e1lis habos\u00edtott polietil\u00e9nnek k\u00f6sz\u00f6nhet\u0151en k\u00fcl\u00f6nleges term\u00e9kcsal\u00e1dunk tagjai rendk\u00edv\u00fcl teherb\u00edr\u00f3k \u00e9s k\u00e9nyelmesek. Anyag \u00e9s m\u00e9retek Habos\u00edtott polietil\u00e9n 100-130 merev t\u00edpus Vastags\u00e1ga 4 &#8211; 5mm Jellemz\u0151k Magas teherb\u00edr\u00e1s K\u00f6nnyen kezelhet\u0151s\u00e9g Kiv\u00e1l\u00f3 h\u0151form\u00e1zhat\u00f3s\u00e1g<\/p>\n","protected":false},"author":1,"featured_media":0,"parent":856,"menu_order":5,"comment_status":"closed","ping_status":"closed","template":"","meta":{"_acf_changed":false,"footnotes":""},"class_list":["post-885","page","type-page","status-publish","hentry"],"acf":[],"yoast_head":"<!-- This site is optimized with the Yoast SEO plugin v23.5 - https:\/\/yoast.com\/wordpress\/plugins\/seo\/ -->\n<title>B\u0151r\u00f6nd\u00f6k - Footwear<\/title>\n<meta name=\"robots\" content=\"index, follow, max-snippet:-1, max-image-preview:large, max-video-preview:-1\" \/>\n<link rel=\"canonical\" href=\"https:\/\/footwear.trocellen.com\/hu\/alkalmazasok\/borondok\/\" \/>\n<script type=\"application\/ld+json\" class=\"yoast-schema-graph\">{\"@context\":\"https:\/\/schema.org\",\"@graph\":[{\"@type\":\"WebPage\",\"@id\":\"https:\/\/footwear.trocellen.com\/hu\/alkalmazasok\/borondok\/\",\"url\":\"https:\/\/footwear.trocellen.com\/hu\/alkalmazasok\/borondok\/\",\"name\":\"B\u0151r\u00f6nd\u00f6k - Footwear\",\"isPartOf\":{\"@id\":\"https:\/\/footwear.trocellen.com\/#website\"},\"primaryImageOfPage\":{\"@id\":\"https:\/\/footwear.trocellen.com\/hu\/alkalmazasok\/borondok\/#primaryimage\"},\"image\":{\"@id\":\"https:\/\/footwear.trocellen.com\/hu\/alkalmazasok\/borondok\/#primaryimage\"},\"thumbnailUrl\":\"https:\/\/footwear.trocellen.com\/wp-content\/uploads\/sites\/7\/2017\/08\/trocellen_transport_inserts_001-295x300.png\",\"datePublished\":\"2017-08-17T12:57:24+00:00\",\"dateModified\":\"2017-08-17T12:57:24+00:00\",\"breadcrumb\":{\"@id\":\"https:\/\/footwear.trocellen.com\/hu\/alkalmazasok\/borondok\/#breadcrumb\"},\"inLanguage\":\"hu\",\"potentialAction\":[{\"@type\":\"ReadAction\",\"target\":[\"https:\/\/footwear.trocellen.com\/hu\/alkalmazasok\/borondok\/\"]}]},{\"@type\":\"ImageObject\",\"inLanguage\":\"hu\",\"@id\":\"https:\/\/footwear.trocellen.com\/hu\/alkalmazasok\/borondok\/#primaryimage\",\"url\":\"https:\/\/footwear.trocellen.com\/wp-content\/uploads\/sites\/7\/2017\/08\/trocellen_transport_inserts_001-295x300.png\",\"contentUrl\":\"https:\/\/footwear.trocellen.com\/wp-content\/uploads\/sites\/7\/2017\/08\/trocellen_transport_inserts_001-295x300.png\"},{\"@type\":\"BreadcrumbList\",\"@id\":\"https:\/\/footwear.trocellen.com\/hu\/alkalmazasok\/borondok\/#breadcrumb\",\"itemListElement\":[{\"@type\":\"ListItem\",\"position\":1,\"name\":\"Home\",\"item\":\"https:\/\/footwear.trocellen.com\/hu\/\"},{\"@type\":\"ListItem\",\"position\":2,\"name\":\"Alkalmaz\u00e1sok\",\"item\":\"https:\/\/footwear.trocellen.com\/hu\/alkalmazasok\/\"},{\"@type\":\"ListItem\",\"position\":3,\"name\":\"B\u0151r\u00f6nd\u00f6k\"}]},{\"@type\":\"WebSite\",\"@id\":\"https:\/\/footwear.trocellen.com\/#website\",\"url\":\"https:\/\/footwear.trocellen.com\/\",\"name\":\"Footwear\",\"description\":\"\",\"potentialAction\":[{\"@type\":\"SearchAction\",\"target\":{\"@type\":\"EntryPoint\",\"urlTemplate\":\"https:\/\/footwear.trocellen.com\/?s={search_term_string}\"},\"query-input\":{\"@type\":\"PropertyValueSpecification\",\"valueRequired\":true,\"valueName\":\"search_term_string\"}}],\"inLanguage\":\"hu\"}]}<\/script>\n<!-- \/ Yoast SEO plugin. -->","yoast_head_json":{"title":"B\u0151r\u00f6nd\u00f6k - Footwear","robots":{"index":"index","follow":"follow","max-snippet":"max-snippet:-1","max-image-preview":"max-image-preview:large","max-video-preview":"max-video-preview:-1"},"canonical":"https:\/\/footwear.trocellen.com\/hu\/alkalmazasok\/borondok\/","schema":{"@context":"https:\/\/schema.org","@graph":[{"@type":"WebPage","@id":"https:\/\/footwear.trocellen.com\/hu\/alkalmazasok\/borondok\/","url":"https:\/\/footwear.trocellen.com\/hu\/alkalmazasok\/borondok\/","name":"B\u0151r\u00f6nd\u00f6k - Footwear","isPartOf":{"@id":"https:\/\/footwear.trocellen.com\/#website"},"primaryImageOfPage":{"@id":"https:\/\/footwear.trocellen.com\/hu\/alkalmazasok\/borondok\/#primaryimage"},"image":{"@id":"https:\/\/footwear.trocellen.com\/hu\/alkalmazasok\/borondok\/#primaryimage"},"thumbnailUrl":"https:\/\/footwear.trocellen.com\/wp-content\/uploads\/sites\/7\/2017\/08\/trocellen_transport_inserts_001-295x300.png","datePublished":"2017-08-17T12:57:24+00:00","dateModified":"2017-08-17T12:57:24+00:00","breadcrumb":{"@id":"https:\/\/footwear.trocellen.com\/hu\/alkalmazasok\/borondok\/#breadcrumb"},"inLanguage":"hu","potentialAction":[{"@type":"ReadAction","target":["https:\/\/footwear.trocellen.com\/hu\/alkalmazasok\/borondok\/"]}]},{"@type":"ImageObject","inLanguage":"hu","@id":"https:\/\/footwear.trocellen.com\/hu\/alkalmazasok\/borondok\/#primaryimage","url":"https:\/\/footwear.trocellen.com\/wp-content\/uploads\/sites\/7\/2017\/08\/trocellen_transport_inserts_001-295x300.png","contentUrl":"https:\/\/footwear.trocellen.com\/wp-content\/uploads\/sites\/7\/2017\/08\/trocellen_transport_inserts_001-295x300.png"},{"@type":"BreadcrumbList","@id":"https:\/\/footwear.trocellen.com\/hu\/alkalmazasok\/borondok\/#breadcrumb","itemListElement":[{"@type":"ListItem","position":1,"name":"Home","item":"https:\/\/footwear.trocellen.com\/hu\/"},{"@type":"ListItem","position":2,"name":"Alkalmaz\u00e1sok","item":"https:\/\/footwear.trocellen.com\/hu\/alkalmazasok\/"},{"@type":"ListItem","position":3,"name":"B\u0151r\u00f6nd\u00f6k"}]},{"@type":"WebSite","@id":"https:\/\/footwear.trocellen.com\/#website","url":"https:\/\/footwear.trocellen.com\/","name":"Footwear","description":"","potentialAction":[{"@type":"SearchAction","target":{"@type":"EntryPoint","urlTemplate":"https:\/\/footwear.trocellen.com\/?s={search_term_string}"},"query-input":{"@type":"PropertyValueSpecification","valueRequired":true,"valueName":"search_term_string"}}],"inLanguage":"hu"}]}},"_links":{"self":[{"href":"https:\/\/footwear.trocellen.com\/hu\/wp-json\/wp\/v2\/pages\/885","targetHints":{"allow":["GET"]}}],"collection":[{"href":"https:\/\/footwear.trocellen.com\/hu\/wp-json\/wp\/v2\/pages"}],"about":[{"href":"https:\/\/footwear.trocellen.com\/hu\/wp-json\/wp\/v2\/types\/page"}],"author":[{"embeddable":true,"href":"https:\/\/footwear.trocellen.com\/hu\/wp-json\/wp\/v2\/users\/1"}],"replies":[{"embeddable":true,"href":"https:\/\/footwear.trocellen.com\/hu\/wp-json\/wp\/v2\/comments?post=885"}],"version-history":[{"count":0,"href":"https:\/\/footwear.trocellen.com\/hu\/wp-json\/wp\/v2\/pages\/885\/revisions"}],"up":[{"embeddable":true,"href":"https:\/\/footwear.trocellen.com\/hu\/wp-json\/wp\/v2\/pages\/856"}],"wp:attachment":[{"href":"https:\/\/footwear.trocellen.com\/hu\/wp-json\/wp\/v2\/media?parent=885"}],"curies":[{"name":"wp","href":"https:\/\/api.w.org\/{rel}","templated":true}]}}