{"id":891,"date":"2017-08-17T12:59:15","date_gmt":"2017-08-17T12:59:15","guid":{"rendered":"https:\/\/footwear.usernet.hu\/motor-kiegeszitok-vedofelszereles\/"},"modified":"2017-08-17T12:59:15","modified_gmt":"2017-08-17T12:59:15","slug":"motor-kiegeszitok-vedofelszereles","status":"publish","type":"page","link":"https:\/\/footwear.trocellen.com\/hu\/alkalmazasok\/motor-kiegeszitok-vedofelszereles\/","title":{"rendered":"Motor kieg\u00e9sz\u00edt\u0151k&amp; v\u00e9d\u0151felszerel\u00e9s"},"content":{"rendered":"<p>A polietil\u00e9n habok rugalmass\u00e1ga \u00e9s k\u00f6nny\u0171 alkalmazkod\u00e1sa a motorok vil\u00e1g\u00e1ban t\u00f6rt\u00e9n\u0151 felhaszn\u00e1l\u00e1sn\u00e1l k\u00e9nyelmet \u00e9s tart\u00f3s haszn\u00e1latot biztos\u00edtanak, magasszint\u0171 teljes\u00edtm\u00e9nyt ny\u00fajtva b\u00e1rmilyen k\u00f6r\u00fclm\u00e9nyek k\u00f6zt.<\/p>\n<h2>Anyag \u00e9s m\u00e9retek<\/h2>\n<ul>\n<li>Habos\u00edtott polietil\u00e9n<img loading=\"lazy\" decoding=\"async\" class=\"alignright size-medium wp-image-527\" src=\"https:\/\/footwear.trocellen.com\/wp-content\/uploads\/sites\/7\/2017\/08\/trocellen_cargo_boxes_003-300x255.png\" alt=\"\" width=\"300\" height=\"255\" srcset=\"https:\/\/footwear.trocellen.com\/wp-content\/uploads\/sites\/7\/2017\/08\/trocellen_cargo_boxes_003-300x255.png 300w, https:\/\/footwear.trocellen.com\/wp-content\/uploads\/sites\/7\/2017\/08\/trocellen_cargo_boxes_003-768x654.png 768w, https:\/\/footwear.trocellen.com\/wp-content\/uploads\/sites\/7\/2017\/08\/trocellen_cargo_boxes_003-1024x871.png 1024w\" sizes=\"auto, (max-width: 300px) 100vw, 300px\" \/><\/li>\n<li>30-40 kg\/m3 f\u00e9l-merev t\u00edpus<\/li>\n<li>Vastags\u00e1ga 8 &#8211; 10mm<\/li>\n<\/ul>\n<h2>Jellemz\u0151k<\/h2>\n<ul>\n<li>Rugalmass\u00e1g<\/li>\n<li>K\u00f6nnyen kezelhet\u0151s\u00e9g<\/li>\n<li>J\u00f3 \u00fct\u00e9s\u00e1ll\u00f3s\u00e1g<\/li>\n<\/ul>\n","protected":false},"excerpt":{"rendered":"<p>A polietil\u00e9n habok rugalmass\u00e1ga \u00e9s k\u00f6nny\u0171 alkalmazkod\u00e1sa a motorok vil\u00e1g\u00e1ban t\u00f6rt\u00e9n\u0151 felhaszn\u00e1l\u00e1sn\u00e1l k\u00e9nyelmet \u00e9s tart\u00f3s haszn\u00e1latot biztos\u00edtanak, magasszint\u0171 teljes\u00edtm\u00e9nyt ny\u00fajtva b\u00e1rmilyen k\u00f6r\u00fclm\u00e9nyek k\u00f6zt. Anyag \u00e9s m\u00e9retek Habos\u00edtott polietil\u00e9n 30-40 kg\/m3 f\u00e9l-merev t\u00edpus Vastags\u00e1ga 8 &#8211; 10mm Jellemz\u0151k Rugalmass\u00e1g K\u00f6nnyen kezelhet\u0151s\u00e9g J\u00f3 \u00fct\u00e9s\u00e1ll\u00f3s\u00e1g<\/p>\n","protected":false},"author":1,"featured_media":0,"parent":856,"menu_order":6,"comment_status":"closed","ping_status":"closed","template":"","meta":{"_acf_changed":false,"footnotes":""},"class_list":["post-891","page","type-page","status-publish","hentry"],"acf":[],"yoast_head":"<!-- This site is optimized with the Yoast SEO plugin v23.5 - https:\/\/yoast.com\/wordpress\/plugins\/seo\/ -->\n<title>Motor kieg\u00e9sz\u00edt\u0151k&amp; v\u00e9d\u0151felszerel\u00e9s - Footwear<\/title>\n<meta name=\"robots\" content=\"index, follow, max-snippet:-1, max-image-preview:large, max-video-preview:-1\" \/>\n<link rel=\"canonical\" href=\"https:\/\/footwear.trocellen.com\/hu\/alkalmazasok\/motor-kiegeszitok-vedofelszereles\/\" \/>\n<script type=\"application\/ld+json\" class=\"yoast-schema-graph\">{\"@context\":\"https:\/\/schema.org\",\"@graph\":[{\"@type\":\"WebPage\",\"@id\":\"https:\/\/footwear.trocellen.com\/hu\/alkalmazasok\/motor-kiegeszitok-vedofelszereles\/\",\"url\":\"https:\/\/footwear.trocellen.com\/hu\/alkalmazasok\/motor-kiegeszitok-vedofelszereles\/\",\"name\":\"Motor kieg\u00e9sz\u00edt\u0151k&amp; v\u00e9d\u0151felszerel\u00e9s - Footwear\",\"isPartOf\":{\"@id\":\"https:\/\/footwear.trocellen.com\/#website\"},\"primaryImageOfPage\":{\"@id\":\"https:\/\/footwear.trocellen.com\/hu\/alkalmazasok\/motor-kiegeszitok-vedofelszereles\/#primaryimage\"},\"image\":{\"@id\":\"https:\/\/footwear.trocellen.com\/hu\/alkalmazasok\/motor-kiegeszitok-vedofelszereles\/#primaryimage\"},\"thumbnailUrl\":\"https:\/\/footwear.trocellen.com\/wp-content\/uploads\/sites\/7\/2017\/08\/trocellen_cargo_boxes_003-300x255.png\",\"datePublished\":\"2017-08-17T12:59:15+00:00\",\"dateModified\":\"2017-08-17T12:59:15+00:00\",\"breadcrumb\":{\"@id\":\"https:\/\/footwear.trocellen.com\/hu\/alkalmazasok\/motor-kiegeszitok-vedofelszereles\/#breadcrumb\"},\"inLanguage\":\"hu\",\"potentialAction\":[{\"@type\":\"ReadAction\",\"target\":[\"https:\/\/footwear.trocellen.com\/hu\/alkalmazasok\/motor-kiegeszitok-vedofelszereles\/\"]}]},{\"@type\":\"ImageObject\",\"inLanguage\":\"hu\",\"@id\":\"https:\/\/footwear.trocellen.com\/hu\/alkalmazasok\/motor-kiegeszitok-vedofelszereles\/#primaryimage\",\"url\":\"https:\/\/footwear.trocellen.com\/wp-content\/uploads\/sites\/7\/2017\/08\/trocellen_cargo_boxes_003-300x255.png\",\"contentUrl\":\"https:\/\/footwear.trocellen.com\/wp-content\/uploads\/sites\/7\/2017\/08\/trocellen_cargo_boxes_003-300x255.png\"},{\"@type\":\"BreadcrumbList\",\"@id\":\"https:\/\/footwear.trocellen.com\/hu\/alkalmazasok\/motor-kiegeszitok-vedofelszereles\/#breadcrumb\",\"itemListElement\":[{\"@type\":\"ListItem\",\"position\":1,\"name\":\"Home\",\"item\":\"https:\/\/footwear.trocellen.com\/hu\/\"},{\"@type\":\"ListItem\",\"position\":2,\"name\":\"Alkalmaz\u00e1sok\",\"item\":\"https:\/\/footwear.trocellen.com\/hu\/alkalmazasok\/\"},{\"@type\":\"ListItem\",\"position\":3,\"name\":\"Motor kieg\u00e9sz\u00edt\u0151k&amp; v\u00e9d\u0151felszerel\u00e9s\"}]},{\"@type\":\"WebSite\",\"@id\":\"https:\/\/footwear.trocellen.com\/#website\",\"url\":\"https:\/\/footwear.trocellen.com\/\",\"name\":\"Footwear\",\"description\":\"\",\"potentialAction\":[{\"@type\":\"SearchAction\",\"target\":{\"@type\":\"EntryPoint\",\"urlTemplate\":\"https:\/\/footwear.trocellen.com\/?s={search_term_string}\"},\"query-input\":{\"@type\":\"PropertyValueSpecification\",\"valueRequired\":true,\"valueName\":\"search_term_string\"}}],\"inLanguage\":\"hu\"}]}<\/script>\n<!-- \/ Yoast SEO plugin. -->","yoast_head_json":{"title":"Motor kieg\u00e9sz\u00edt\u0151k&amp; v\u00e9d\u0151felszerel\u00e9s - Footwear","robots":{"index":"index","follow":"follow","max-snippet":"max-snippet:-1","max-image-preview":"max-image-preview:large","max-video-preview":"max-video-preview:-1"},"canonical":"https:\/\/footwear.trocellen.com\/hu\/alkalmazasok\/motor-kiegeszitok-vedofelszereles\/","schema":{"@context":"https:\/\/schema.org","@graph":[{"@type":"WebPage","@id":"https:\/\/footwear.trocellen.com\/hu\/alkalmazasok\/motor-kiegeszitok-vedofelszereles\/","url":"https:\/\/footwear.trocellen.com\/hu\/alkalmazasok\/motor-kiegeszitok-vedofelszereles\/","name":"Motor kieg\u00e9sz\u00edt\u0151k&amp; v\u00e9d\u0151felszerel\u00e9s - Footwear","isPartOf":{"@id":"https:\/\/footwear.trocellen.com\/#website"},"primaryImageOfPage":{"@id":"https:\/\/footwear.trocellen.com\/hu\/alkalmazasok\/motor-kiegeszitok-vedofelszereles\/#primaryimage"},"image":{"@id":"https:\/\/footwear.trocellen.com\/hu\/alkalmazasok\/motor-kiegeszitok-vedofelszereles\/#primaryimage"},"thumbnailUrl":"https:\/\/footwear.trocellen.com\/wp-content\/uploads\/sites\/7\/2017\/08\/trocellen_cargo_boxes_003-300x255.png","datePublished":"2017-08-17T12:59:15+00:00","dateModified":"2017-08-17T12:59:15+00:00","breadcrumb":{"@id":"https:\/\/footwear.trocellen.com\/hu\/alkalmazasok\/motor-kiegeszitok-vedofelszereles\/#breadcrumb"},"inLanguage":"hu","potentialAction":[{"@type":"ReadAction","target":["https:\/\/footwear.trocellen.com\/hu\/alkalmazasok\/motor-kiegeszitok-vedofelszereles\/"]}]},{"@type":"ImageObject","inLanguage":"hu","@id":"https:\/\/footwear.trocellen.com\/hu\/alkalmazasok\/motor-kiegeszitok-vedofelszereles\/#primaryimage","url":"https:\/\/footwear.trocellen.com\/wp-content\/uploads\/sites\/7\/2017\/08\/trocellen_cargo_boxes_003-300x255.png","contentUrl":"https:\/\/footwear.trocellen.com\/wp-content\/uploads\/sites\/7\/2017\/08\/trocellen_cargo_boxes_003-300x255.png"},{"@type":"BreadcrumbList","@id":"https:\/\/footwear.trocellen.com\/hu\/alkalmazasok\/motor-kiegeszitok-vedofelszereles\/#breadcrumb","itemListElement":[{"@type":"ListItem","position":1,"name":"Home","item":"https:\/\/footwear.trocellen.com\/hu\/"},{"@type":"ListItem","position":2,"name":"Alkalmaz\u00e1sok","item":"https:\/\/footwear.trocellen.com\/hu\/alkalmazasok\/"},{"@type":"ListItem","position":3,"name":"Motor kieg\u00e9sz\u00edt\u0151k&amp; v\u00e9d\u0151felszerel\u00e9s"}]},{"@type":"WebSite","@id":"https:\/\/footwear.trocellen.com\/#website","url":"https:\/\/footwear.trocellen.com\/","name":"Footwear","description":"","potentialAction":[{"@type":"SearchAction","target":{"@type":"EntryPoint","urlTemplate":"https:\/\/footwear.trocellen.com\/?s={search_term_string}"},"query-input":{"@type":"PropertyValueSpecification","valueRequired":true,"valueName":"search_term_string"}}],"inLanguage":"hu"}]}},"_links":{"self":[{"href":"https:\/\/footwear.trocellen.com\/hu\/wp-json\/wp\/v2\/pages\/891","targetHints":{"allow":["GET"]}}],"collection":[{"href":"https:\/\/footwear.trocellen.com\/hu\/wp-json\/wp\/v2\/pages"}],"about":[{"href":"https:\/\/footwear.trocellen.com\/hu\/wp-json\/wp\/v2\/types\/page"}],"author":[{"embeddable":true,"href":"https:\/\/footwear.trocellen.com\/hu\/wp-json\/wp\/v2\/users\/1"}],"replies":[{"embeddable":true,"href":"https:\/\/footwear.trocellen.com\/hu\/wp-json\/wp\/v2\/comments?post=891"}],"version-history":[{"count":0,"href":"https:\/\/footwear.trocellen.com\/hu\/wp-json\/wp\/v2\/pages\/891\/revisions"}],"up":[{"embeddable":true,"href":"https:\/\/footwear.trocellen.com\/hu\/wp-json\/wp\/v2\/pages\/856"}],"wp:attachment":[{"href":"https:\/\/footwear.trocellen.com\/hu\/wp-json\/wp\/v2\/media?parent=891"}],"curies":[{"name":"wp","href":"https:\/\/api.w.org\/{rel}","templated":true}]}}