{"id":765,"date":"2013-12-08T20:25:17","date_gmt":"2013-12-08T20:25:17","guid":{"rendered":"https:\/\/footwear.usernet.hu\/rinforzi\/"},"modified":"2013-12-08T20:25:17","modified_gmt":"2013-12-08T20:25:17","slug":"rinforzi","status":"publish","type":"page","link":"https:\/\/footwear.trocellen.com\/it\/applicazioni\/fodere\/rinforzi\/","title":{"rendered":"Rinforzi"},"content":{"rendered":"<p>L\u2019EVA estrusa mantiene la forma ed il design originali, rinforzando le parti dove la calzatura potrebbe danneggiarsi pi\u00f9 velocemente.<\/p>\n<p><img loading=\"lazy\" decoding=\"async\" class=\"alignright size-medium wp-image-503\" src=\"https:\/\/footwear.trocellen.com\/wp-content\/uploads\/sites\/7\/2013\/12\/footwear_reinforcements_001-300x169.png\" alt=\"\" width=\"300\" height=\"169\" srcset=\"https:\/\/footwear.trocellen.com\/wp-content\/uploads\/sites\/7\/2013\/12\/footwear_reinforcements_001-300x169.png 300w, https:\/\/footwear.trocellen.com\/wp-content\/uploads\/sites\/7\/2013\/12\/footwear_reinforcements_001-768x432.png 768w, https:\/\/footwear.trocellen.com\/wp-content\/uploads\/sites\/7\/2013\/12\/footwear_reinforcements_001-1024x576.png 1024w\" sizes=\"auto, (max-width: 300px) 100vw, 300px\" \/><\/p>\n<h2>Materiale e dimensioni<\/h2>\n<ul>\n<li>EVA estrusa<\/li>\n<li>Semplice o adesiva<\/li>\n<li>40 \u2013 50 kg\/m\u00b3\u00a0tipo semi-rigido<\/li>\n<li>2 \u2013 4 mm spessore<\/li>\n<\/ul>\n<h2>Caratteristiche<\/h2>\n<ul>\n<li>Leggerezza<\/li>\n<li>Caratteristiche meccaniche\u00a0di lunga durata<\/li>\n<li>Performance pi\u00f9 elevate nella versione adesiva<\/li>\n<li>Non contiene n\u00e9 PVC n\u00e9 VOC<\/li>\n<\/ul>\n","protected":false},"excerpt":{"rendered":"<p>L\u2019EVA estrusa mantiene la forma ed il design originali, rinforzando le parti dove la calzatura potrebbe danneggiarsi pi\u00f9 velocemente. Materiale e dimensioni EVA estrusa Semplice o adesiva 40 \u2013 50 kg\/m\u00b3\u00a0tipo semi-rigido 2 \u2013 4 mm spessore Caratteristiche Leggerezza Caratteristiche meccaniche\u00a0di lunga durata Performance pi\u00f9 elevate nella versione adesiva Non contiene n\u00e9 PVC n\u00e9 VOC<\/p>\n","protected":false},"author":6,"featured_media":0,"parent":729,"menu_order":0,"comment_status":"open","ping_status":"open","template":"","meta":{"_acf_changed":false,"footnotes":""},"class_list":["post-765","page","type-page","status-publish","hentry"],"acf":[],"yoast_head":"<!-- This site is optimized with the Yoast SEO plugin v23.5 - https:\/\/yoast.com\/wordpress\/plugins\/seo\/ -->\n<title>Rinforzi - Footwear<\/title>\n<meta name=\"robots\" content=\"index, follow, max-snippet:-1, max-image-preview:large, max-video-preview:-1\" \/>\n<link rel=\"canonical\" href=\"https:\/\/footwear.trocellen.com\/it\/applicazioni\/fodere\/rinforzi\/\" \/>\n<script type=\"application\/ld+json\" class=\"yoast-schema-graph\">{\"@context\":\"https:\/\/schema.org\",\"@graph\":[{\"@type\":\"WebPage\",\"@id\":\"https:\/\/footwear.trocellen.com\/it\/applicazioni\/fodere\/rinforzi\/\",\"url\":\"https:\/\/footwear.trocellen.com\/it\/applicazioni\/fodere\/rinforzi\/\",\"name\":\"Rinforzi - Footwear\",\"isPartOf\":{\"@id\":\"https:\/\/footwear.trocellen.com\/#website\"},\"primaryImageOfPage\":{\"@id\":\"https:\/\/footwear.trocellen.com\/it\/applicazioni\/fodere\/rinforzi\/#primaryimage\"},\"image\":{\"@id\":\"https:\/\/footwear.trocellen.com\/it\/applicazioni\/fodere\/rinforzi\/#primaryimage\"},\"thumbnailUrl\":\"https:\/\/footwear.trocellen.com\/wp-content\/uploads\/sites\/7\/2013\/12\/footwear_reinforcements_001-300x169.png\",\"datePublished\":\"2013-12-08T20:25:17+00:00\",\"dateModified\":\"2013-12-08T20:25:17+00:00\",\"breadcrumb\":{\"@id\":\"https:\/\/footwear.trocellen.com\/it\/applicazioni\/fodere\/rinforzi\/#breadcrumb\"},\"inLanguage\":\"it-IT\",\"potentialAction\":[{\"@type\":\"ReadAction\",\"target\":[\"https:\/\/footwear.trocellen.com\/it\/applicazioni\/fodere\/rinforzi\/\"]}]},{\"@type\":\"ImageObject\",\"inLanguage\":\"it-IT\",\"@id\":\"https:\/\/footwear.trocellen.com\/it\/applicazioni\/fodere\/rinforzi\/#primaryimage\",\"url\":\"https:\/\/footwear.trocellen.com\/wp-content\/uploads\/sites\/7\/2013\/12\/footwear_reinforcements_001-300x169.png\",\"contentUrl\":\"https:\/\/footwear.trocellen.com\/wp-content\/uploads\/sites\/7\/2013\/12\/footwear_reinforcements_001-300x169.png\"},{\"@type\":\"BreadcrumbList\",\"@id\":\"https:\/\/footwear.trocellen.com\/it\/applicazioni\/fodere\/rinforzi\/#breadcrumb\",\"itemListElement\":[{\"@type\":\"ListItem\",\"position\":1,\"name\":\"Home\",\"item\":\"https:\/\/footwear.trocellen.com\/it\/\"},{\"@type\":\"ListItem\",\"position\":2,\"name\":\"Applicazioni\",\"item\":\"https:\/\/footwear.trocellen.com\/it\/applicazioni\/\"},{\"@type\":\"ListItem\",\"position\":3,\"name\":\"Fodere\",\"item\":\"https:\/\/footwear.trocellen.com\/it\/applicazioni\/fodere\/\"},{\"@type\":\"ListItem\",\"position\":4,\"name\":\"Rinforzi\"}]},{\"@type\":\"WebSite\",\"@id\":\"https:\/\/footwear.trocellen.com\/#website\",\"url\":\"https:\/\/footwear.trocellen.com\/\",\"name\":\"Footwear\",\"description\":\"\",\"potentialAction\":[{\"@type\":\"SearchAction\",\"target\":{\"@type\":\"EntryPoint\",\"urlTemplate\":\"https:\/\/footwear.trocellen.com\/?s={search_term_string}\"},\"query-input\":{\"@type\":\"PropertyValueSpecification\",\"valueRequired\":true,\"valueName\":\"search_term_string\"}}],\"inLanguage\":\"it-IT\"}]}<\/script>\n<!-- \/ Yoast SEO plugin. -->","yoast_head_json":{"title":"Rinforzi - Footwear","robots":{"index":"index","follow":"follow","max-snippet":"max-snippet:-1","max-image-preview":"max-image-preview:large","max-video-preview":"max-video-preview:-1"},"canonical":"https:\/\/footwear.trocellen.com\/it\/applicazioni\/fodere\/rinforzi\/","schema":{"@context":"https:\/\/schema.org","@graph":[{"@type":"WebPage","@id":"https:\/\/footwear.trocellen.com\/it\/applicazioni\/fodere\/rinforzi\/","url":"https:\/\/footwear.trocellen.com\/it\/applicazioni\/fodere\/rinforzi\/","name":"Rinforzi - Footwear","isPartOf":{"@id":"https:\/\/footwear.trocellen.com\/#website"},"primaryImageOfPage":{"@id":"https:\/\/footwear.trocellen.com\/it\/applicazioni\/fodere\/rinforzi\/#primaryimage"},"image":{"@id":"https:\/\/footwear.trocellen.com\/it\/applicazioni\/fodere\/rinforzi\/#primaryimage"},"thumbnailUrl":"https:\/\/footwear.trocellen.com\/wp-content\/uploads\/sites\/7\/2013\/12\/footwear_reinforcements_001-300x169.png","datePublished":"2013-12-08T20:25:17+00:00","dateModified":"2013-12-08T20:25:17+00:00","breadcrumb":{"@id":"https:\/\/footwear.trocellen.com\/it\/applicazioni\/fodere\/rinforzi\/#breadcrumb"},"inLanguage":"it-IT","potentialAction":[{"@type":"ReadAction","target":["https:\/\/footwear.trocellen.com\/it\/applicazioni\/fodere\/rinforzi\/"]}]},{"@type":"ImageObject","inLanguage":"it-IT","@id":"https:\/\/footwear.trocellen.com\/it\/applicazioni\/fodere\/rinforzi\/#primaryimage","url":"https:\/\/footwear.trocellen.com\/wp-content\/uploads\/sites\/7\/2013\/12\/footwear_reinforcements_001-300x169.png","contentUrl":"https:\/\/footwear.trocellen.com\/wp-content\/uploads\/sites\/7\/2013\/12\/footwear_reinforcements_001-300x169.png"},{"@type":"BreadcrumbList","@id":"https:\/\/footwear.trocellen.com\/it\/applicazioni\/fodere\/rinforzi\/#breadcrumb","itemListElement":[{"@type":"ListItem","position":1,"name":"Home","item":"https:\/\/footwear.trocellen.com\/it\/"},{"@type":"ListItem","position":2,"name":"Applicazioni","item":"https:\/\/footwear.trocellen.com\/it\/applicazioni\/"},{"@type":"ListItem","position":3,"name":"Fodere","item":"https:\/\/footwear.trocellen.com\/it\/applicazioni\/fodere\/"},{"@type":"ListItem","position":4,"name":"Rinforzi"}]},{"@type":"WebSite","@id":"https:\/\/footwear.trocellen.com\/#website","url":"https:\/\/footwear.trocellen.com\/","name":"Footwear","description":"","potentialAction":[{"@type":"SearchAction","target":{"@type":"EntryPoint","urlTemplate":"https:\/\/footwear.trocellen.com\/?s={search_term_string}"},"query-input":{"@type":"PropertyValueSpecification","valueRequired":true,"valueName":"search_term_string"}}],"inLanguage":"it-IT"}]}},"_links":{"self":[{"href":"https:\/\/footwear.trocellen.com\/it\/wp-json\/wp\/v2\/pages\/765","targetHints":{"allow":["GET"]}}],"collection":[{"href":"https:\/\/footwear.trocellen.com\/it\/wp-json\/wp\/v2\/pages"}],"about":[{"href":"https:\/\/footwear.trocellen.com\/it\/wp-json\/wp\/v2\/types\/page"}],"author":[{"embeddable":true,"href":"https:\/\/footwear.trocellen.com\/it\/wp-json\/wp\/v2\/users\/6"}],"replies":[{"embeddable":true,"href":"https:\/\/footwear.trocellen.com\/it\/wp-json\/wp\/v2\/comments?post=765"}],"version-history":[{"count":0,"href":"https:\/\/footwear.trocellen.com\/it\/wp-json\/wp\/v2\/pages\/765\/revisions"}],"up":[{"embeddable":true,"href":"https:\/\/footwear.trocellen.com\/it\/wp-json\/wp\/v2\/pages\/729"}],"wp:attachment":[{"href":"https:\/\/footwear.trocellen.com\/it\/wp-json\/wp\/v2\/media?parent=765"}],"curies":[{"name":"wp","href":"https:\/\/api.w.org\/{rel}","templated":true}]}}