{"id":813,"date":"2013-12-08T21:16:04","date_gmt":"2013-12-08T21:16:04","guid":{"rendered":"https:\/\/footwear.usernet.hu\/imbottiture\/"},"modified":"2013-12-08T21:16:04","modified_gmt":"2013-12-08T21:16:04","slug":"imbottiture","status":"publish","type":"page","link":"https:\/\/footwear.trocellen.com\/it\/applicazioni\/imbottiture-e-protezioni\/imbottiture\/","title":{"rendered":"Imbottiture"},"content":{"rendered":"<h2>Imbottiture stivali per vigili del fuoco<\/h2>\n<p>Trocellen si concentra non solo sull\u2019offerta di polietilene espanso, ma anche sullo sviluppo di applicazioni e soluzioni personalizzate.<\/p>\n<h3>Materiale e dimensioni<\/h3>\n<ul>\n<li>Polietilene espanso<\/li>\n<li>70 kg\/m\u00b3 tipo morbido<\/li>\n<li>5 \u2013 10 mm di spessore<\/li>\n<\/ul>\n<h3>Caratteristiche<\/h3>\n<ul>\n<li>Leggerezza<\/li>\n<li>Comfort<\/li>\n<li>Termoformabile ad alta precisione<\/li>\n<li>Non contiene n\u00e9 PVC n\u00e9 VOC<\/li>\n<li>Performance pi\u00f9 elevata nella versione adesiva<\/li>\n<\/ul>\n<h3>Materiale e dimensioni<\/h3>\n<ul>\n<li>Polietilene espanso<\/li>\n<li>In semplice o ricoperto\u00a0con adesivo sensibile alla pressione<\/li>\n<li>30 \u2013 55 kg\/m\u00b3 tipo morbido<\/li>\n<li>2 \u2013 20 mm spessore<\/li>\n<\/ul>\n<h3>Caratteristiche<\/h3>\n<ul>\n<li>Comfort<\/li>\n<li>Leggerezza<\/li>\n<li>Facilmente applicabile nella versione adesiva<\/li>\n<li>Non contiene n\u00e9 PVC n\u00e9 VOC<\/li>\n<li>Maggiore traspirabilit\u00e0 nella versione perforata<\/li>\n<\/ul>\n<h2>Imbottiture arco-plantare<\/h2>\n<p>I vantaggi dei nostri materiali espansi possono essere usati in varie parti di una calzatura. In questo caso, come imbottitura per ammortizzazione dell\u2019arco plantare.<\/p>\n<h3>Materiale e dimensioni<\/h3>\n<ul>\n<li>Polietilene espanso<\/li>\n<li>Ricoperto da adesivo sensibile alla pressione o termo-adesivo<\/li>\n<li>70 kg\/m\u00b3 tipo morbido<\/li>\n<li>5 \u2013 10 mm spessore<\/li>\n<\/ul>\n<h3>Caratteristiche<\/h3>\n<ul>\n<li>Comfort<\/li>\n<li>Leggerezza<\/li>\n<li>Applicabilit\u00e0 pi\u00f9 facile nella versione adesiva<\/li>\n<li>Non contiene n\u00e9 PVC n\u00e9 VOC<\/li>\n<li>Termoformabile ad alta precisione<\/li>\n<\/ul>\n<h2>Imbottiture caviglie termoformate<\/h2>\n<p>I vantaggi dei nostri materiali espansi possono essere usati in varie parti di una calzatura. In questo caso, come imbottitura della caviglia.<\/p>\n<h3>Materiale e dimensioni<\/h3>\n<ul>\n<li>Polietilene espanso<\/li>\n<li>In semplice o con adesivo sensibile alla pressione<\/li>\n<li>70 kg\/m\u00b3 tipo morbido<\/li>\n<li>5 \u2013 10 mm spessore<\/li>\n<\/ul>\n<h3>Caratteristiche<\/h3>\n<ul>\n<li>Comfort<\/li>\n<li>Leggerezza<\/li>\n<li>Omogeneit\u00e0<\/li>\n<li>Performance pi\u00f9 elevata nella versione adesiva<\/li>\n<li>Non contiene PVC n\u00e9 VOC<\/li>\n<li>Termo-formabile ad alta precisione<\/li>\n<\/ul>\n<h2>Imbottitura per colli e caviglie<\/h2>\n<p>I vantaggi dei nostri materiali espansi possono essere usati in varie parti di una calzatura. In questo caso, come imbottitura per ammortizzazione o come protezione della caviglia.<\/p>\n<h3>Materiale e dimensioni<\/h3>\n<ul>\n<li>Polietilene espanso<\/li>\n<li>30 \u2013 55 kg\/m\u00b3 tipo morbido<\/li>\n<li>2 \u2013 20 mm spessore<\/li>\n<\/ul>\n<h3>Caratteristiche<\/h3>\n<ul>\n<li>Comfort<\/li>\n<li>Leggerezza<\/li>\n<li>Traspirabilit\u00e0 nella versione perforata<\/li>\n<li>Non contiene n\u00e9 PVC n\u00e9 VOC<\/li>\n<li>Applicabilit\u00e0 pi\u00f9 facile nella versione adesiva<\/li>\n<\/ul>\n<h3>Materiale e dimensioni<\/h3>\n<ul>\n<li>Poliuretano e poliestere espansi<\/li>\n<li>20 \u2013 60 kg\/m\u00b3 tipo morbido<\/li>\n<li>2 \u2013 20 mm spessori<\/li>\n<li>EVA espansa<\/li>\n<li>35 \u2013 55 kg\/m\u00b3 tipo morbido<\/li>\n<li>EPDM espanso<\/li>\n<li>70 \u2013 100 kg\/m\u00b3 tipo morbido<\/li>\n<li>2 \u2013 15 mm spessori<\/li>\n<li>In semplice, perforato o con adesivo sensibile alla pressione<\/li>\n<\/ul>\n<h3>Caratteristiche<\/h3>\n<ul>\n<li>Comfort<\/li>\n<li>Leggerezza<\/li>\n<li>Traspirabilit\u00e0<\/li>\n<li>Propriet\u00e0 elastiche di lunga durata<\/li>\n<li>Facile da applicare<\/li>\n<li>Non contiene n\u00e9 PVC n\u00e9 VOC<\/li>\n<\/ul>\n<h2>Imbottitura per linguetta<\/h2>\n<p>I vantaggi dei nostri materiali espansi possono essere usati in varie parti di una calzatura. In questo caso, come imbottitura per ammortizzare o proteggere la caviglia.<\/p>\n<h3>Materiale e dimensioni<\/h3>\n<ul>\n<li>Polietilene espanso<\/li>\n<li>In semplice, perforato o con adesivo sensibile alla pressione<\/li>\n<li>30 \u2013 55 kg\/m\u00b3 tipo morbido<\/li>\n<li>2 \u2013 20 mm spessore<\/li>\n<\/ul>\n<h3>Caratteristiche<\/h3>\n<ul>\n<li>Comfort<\/li>\n<li>Leggerezza<\/li>\n<li>Traspirabilit\u00e0 nella versione perforata<\/li>\n<li>Performance pi\u00f9 elevata nella versione adesiva<\/li>\n<li>Non contiene n\u00e9 PVC n\u00e9 VOC<\/li>\n<\/ul>\n<h3>Materiale e dimensioni<\/h3>\n<ul>\n<li>Poliuretano e poliestere espansi\n<ul>\n<li>20 \u2013 60 kg\/m\u00b3 tipo morbido<\/li>\n<li>2 \u2013 20 mm spessore<\/li>\n<\/ul>\n<\/li>\n<li>EVA espansa\n<ul>\n<li>35 \u2013 55 kg\/m\u00b3 tipo morbido<\/li>\n<\/ul>\n<\/li>\n<li>EPDM espansa\n<ul>\n<li>70 \u2013 100 kg\/m\u00b3 tipo morbido<\/li>\n<li>2 \u2013 15 mm spessore<\/li>\n<\/ul>\n<\/li>\n<\/ul>\n<h3>Caratteristiche<\/h3>\n<ul>\n<li>Comfort<\/li>\n<li>Leggerezza<\/li>\n<li>Traspirabilit\u00e0<\/li>\n<li>Propriet\u00e0 elastiche di lunga durata<\/li>\n<li>Facile da applicare<\/li>\n<li>Non contiene n\u00e9 PVC n\u00e9 VOC<\/li>\n<\/ul>\n<h2>Imbottitura per pattini da ghiaccio<\/h2>\n<p>I vantaggi dei nostri materiali espansi possono essere usati in varie parti di una calzatura. In questo caso, come imbottitura per ammortizzare o proteggere la caviglia.<\/p>\n<h3>Materiale e dimensioni<\/h3>\n<ul>\n<li>Polietilene espanso<\/li>\n<li>30 \u2013 55 kg\/m\u00b3 tipo morbido<\/li>\n<li>2 \u2013 20 mm spessore<\/li>\n<\/ul>\n<h3>Caratteristiche<\/h3>\n<ul>\n<li>Comfort<\/li>\n<li>Leggerezza<\/li>\n<li>Traspirabilit\u00e0 nella versione perforata<\/li>\n<li>Performance pi\u00f9 elevata nella versione adesiva<\/li>\n<li>Non contiene n\u00e9 PVC n\u00e9 VOC<\/li>\n<\/ul>\n<h3>Materiale e dimensioni<\/h3>\n<ul>\n<li>Poliuretano e poliestere espansi\n<ul>\n<li>20 \u2013 60 kg\/m\u00b3 tipo morbido<\/li>\n<li>2 \u2013 20 mm spessori<\/li>\n<\/ul>\n<\/li>\n<li>EVA espansa\n<ul>\n<li>35 \u2013 55 kg\/m\u00b3 tipo morbido<\/li>\n<\/ul>\n<\/li>\n<li>EPDM espanso\n<ul>\n<li>70 \u2013 100 kg\/m\u00b3 tipo morbido<\/li>\n<li>2 \u2013 15 mm spessore<\/li>\n<li>In semplice, perforato o con adesivo sensibile alla pressione<\/li>\n<\/ul>\n<\/li>\n<\/ul>\n<h3>Caratteristiche<\/h3>\n<ul>\n<li>Comfort<\/li>\n<li>Leggerezza<\/li>\n<li>Traspirabilit\u00e0<\/li>\n<li>Propriet\u00e0 elastiche di lunga durata<\/li>\n<li>Facile da applicare<\/li>\n<li>Non contiene n\u00e9 PVC n\u00e9 VOC<\/li>\n<\/ul>\n","protected":false},"excerpt":{"rendered":"<p>Imbottiture stivali per vigili del fuoco Trocellen si concentra non solo sull\u2019offerta di polietilene espanso, ma anche sullo sviluppo di applicazioni e soluzioni personalizzate. Materiale e dimensioni Polietilene espanso 70 kg\/m\u00b3 tipo morbido 5 \u2013 10 mm di spessore Caratteristiche Leggerezza Comfort Termoformabile ad alta precisione Non contiene n\u00e9 PVC n\u00e9 VOC Performance pi\u00f9 elevata [&hellip;]<\/p>\n","protected":false},"author":6,"featured_media":0,"parent":741,"menu_order":0,"comment_status":"open","ping_status":"open","template":"","meta":{"_acf_changed":false,"footnotes":""},"class_list":["post-813","page","type-page","status-publish","hentry"],"acf":[],"yoast_head":"<!-- This site is optimized with the Yoast SEO plugin v23.5 - https:\/\/yoast.com\/wordpress\/plugins\/seo\/ -->\n<title>Imbottiture - Footwear<\/title>\n<meta name=\"robots\" content=\"index, follow, max-snippet:-1, max-image-preview:large, max-video-preview:-1\" \/>\n<link rel=\"canonical\" href=\"https:\/\/footwear.trocellen.com\/it\/applicazioni\/imbottiture-e-protezioni\/imbottiture\/\" \/>\n<meta name=\"twitter:label1\" content=\"Tempo di lettura stimato\" \/>\n\t<meta name=\"twitter:data1\" content=\"3 minuti\" \/>\n<script type=\"application\/ld+json\" class=\"yoast-schema-graph\">{\"@context\":\"https:\/\/schema.org\",\"@graph\":[{\"@type\":\"WebPage\",\"@id\":\"https:\/\/footwear.trocellen.com\/it\/applicazioni\/imbottiture-e-protezioni\/imbottiture\/\",\"url\":\"https:\/\/footwear.trocellen.com\/it\/applicazioni\/imbottiture-e-protezioni\/imbottiture\/\",\"name\":\"Imbottiture - Footwear\",\"isPartOf\":{\"@id\":\"https:\/\/footwear.trocellen.com\/#website\"},\"datePublished\":\"2013-12-08T21:16:04+00:00\",\"dateModified\":\"2013-12-08T21:16:04+00:00\",\"breadcrumb\":{\"@id\":\"https:\/\/footwear.trocellen.com\/it\/applicazioni\/imbottiture-e-protezioni\/imbottiture\/#breadcrumb\"},\"inLanguage\":\"it-IT\",\"potentialAction\":[{\"@type\":\"ReadAction\",\"target\":[\"https:\/\/footwear.trocellen.com\/it\/applicazioni\/imbottiture-e-protezioni\/imbottiture\/\"]}]},{\"@type\":\"BreadcrumbList\",\"@id\":\"https:\/\/footwear.trocellen.com\/it\/applicazioni\/imbottiture-e-protezioni\/imbottiture\/#breadcrumb\",\"itemListElement\":[{\"@type\":\"ListItem\",\"position\":1,\"name\":\"Home\",\"item\":\"https:\/\/footwear.trocellen.com\/it\/\"},{\"@type\":\"ListItem\",\"position\":2,\"name\":\"Applicazioni\",\"item\":\"https:\/\/footwear.trocellen.com\/it\/applicazioni\/\"},{\"@type\":\"ListItem\",\"position\":3,\"name\":\"Imbottiture e protezioni\",\"item\":\"https:\/\/footwear.trocellen.com\/it\/applicazioni\/imbottiture-e-protezioni\/\"},{\"@type\":\"ListItem\",\"position\":4,\"name\":\"Imbottiture\"}]},{\"@type\":\"WebSite\",\"@id\":\"https:\/\/footwear.trocellen.com\/#website\",\"url\":\"https:\/\/footwear.trocellen.com\/\",\"name\":\"Footwear\",\"description\":\"\",\"potentialAction\":[{\"@type\":\"SearchAction\",\"target\":{\"@type\":\"EntryPoint\",\"urlTemplate\":\"https:\/\/footwear.trocellen.com\/?s={search_term_string}\"},\"query-input\":{\"@type\":\"PropertyValueSpecification\",\"valueRequired\":true,\"valueName\":\"search_term_string\"}}],\"inLanguage\":\"it-IT\"}]}<\/script>\n<!-- \/ Yoast SEO plugin. -->","yoast_head_json":{"title":"Imbottiture - Footwear","robots":{"index":"index","follow":"follow","max-snippet":"max-snippet:-1","max-image-preview":"max-image-preview:large","max-video-preview":"max-video-preview:-1"},"canonical":"https:\/\/footwear.trocellen.com\/it\/applicazioni\/imbottiture-e-protezioni\/imbottiture\/","twitter_misc":{"Tempo di lettura stimato":"3 minuti"},"schema":{"@context":"https:\/\/schema.org","@graph":[{"@type":"WebPage","@id":"https:\/\/footwear.trocellen.com\/it\/applicazioni\/imbottiture-e-protezioni\/imbottiture\/","url":"https:\/\/footwear.trocellen.com\/it\/applicazioni\/imbottiture-e-protezioni\/imbottiture\/","name":"Imbottiture - Footwear","isPartOf":{"@id":"https:\/\/footwear.trocellen.com\/#website"},"datePublished":"2013-12-08T21:16:04+00:00","dateModified":"2013-12-08T21:16:04+00:00","breadcrumb":{"@id":"https:\/\/footwear.trocellen.com\/it\/applicazioni\/imbottiture-e-protezioni\/imbottiture\/#breadcrumb"},"inLanguage":"it-IT","potentialAction":[{"@type":"ReadAction","target":["https:\/\/footwear.trocellen.com\/it\/applicazioni\/imbottiture-e-protezioni\/imbottiture\/"]}]},{"@type":"BreadcrumbList","@id":"https:\/\/footwear.trocellen.com\/it\/applicazioni\/imbottiture-e-protezioni\/imbottiture\/#breadcrumb","itemListElement":[{"@type":"ListItem","position":1,"name":"Home","item":"https:\/\/footwear.trocellen.com\/it\/"},{"@type":"ListItem","position":2,"name":"Applicazioni","item":"https:\/\/footwear.trocellen.com\/it\/applicazioni\/"},{"@type":"ListItem","position":3,"name":"Imbottiture e protezioni","item":"https:\/\/footwear.trocellen.com\/it\/applicazioni\/imbottiture-e-protezioni\/"},{"@type":"ListItem","position":4,"name":"Imbottiture"}]},{"@type":"WebSite","@id":"https:\/\/footwear.trocellen.com\/#website","url":"https:\/\/footwear.trocellen.com\/","name":"Footwear","description":"","potentialAction":[{"@type":"SearchAction","target":{"@type":"EntryPoint","urlTemplate":"https:\/\/footwear.trocellen.com\/?s={search_term_string}"},"query-input":{"@type":"PropertyValueSpecification","valueRequired":true,"valueName":"search_term_string"}}],"inLanguage":"it-IT"}]}},"_links":{"self":[{"href":"https:\/\/footwear.trocellen.com\/it\/wp-json\/wp\/v2\/pages\/813","targetHints":{"allow":["GET"]}}],"collection":[{"href":"https:\/\/footwear.trocellen.com\/it\/wp-json\/wp\/v2\/pages"}],"about":[{"href":"https:\/\/footwear.trocellen.com\/it\/wp-json\/wp\/v2\/types\/page"}],"author":[{"embeddable":true,"href":"https:\/\/footwear.trocellen.com\/it\/wp-json\/wp\/v2\/users\/6"}],"replies":[{"embeddable":true,"href":"https:\/\/footwear.trocellen.com\/it\/wp-json\/wp\/v2\/comments?post=813"}],"version-history":[{"count":0,"href":"https:\/\/footwear.trocellen.com\/it\/wp-json\/wp\/v2\/pages\/813\/revisions"}],"up":[{"embeddable":true,"href":"https:\/\/footwear.trocellen.com\/it\/wp-json\/wp\/v2\/pages\/741"}],"wp:attachment":[{"href":"https:\/\/footwear.trocellen.com\/it\/wp-json\/wp\/v2\/media?parent=813"}],"curies":[{"name":"wp","href":"https:\/\/api.w.org\/{rel}","templated":true}]}}