{"id":825,"date":"2013-12-08T21:34:00","date_gmt":"2013-12-08T21:34:00","guid":{"rendered":"https:\/\/footwear.usernet.hu\/calzatura-trocellen-cosi-semplice\/"},"modified":"2013-12-08T21:34:00","modified_gmt":"2013-12-08T21:34:00","slug":"calzatura-trocellen-cosi-semplice","status":"publish","type":"page","link":"https:\/\/footwear.trocellen.com\/it\/calzatura-trocellen-cosi-semplice\/","title":{"rendered":"Calzatura Trocellen &#8211; Cos\u00ec semplice"},"content":{"rendered":"<p>Leggerezza, sicurezza e comodit\u00e0.<br \/>\nTrocellen offre molteplici soluzioni nel settore della calzatura garantendo elevati standard qualitativi e prestazioni di alto livello. <!--more--><\/p>\n<p><a href=\"https:\/\/footwear.trocellen.com\/wp-content\/uploads\/sites\/7\/2013\/12\/maintext.jpg\"><img loading=\"lazy\" decoding=\"async\" class=\"size-medium wp-image-64 alignright\" src=\"https:\/\/footwear.trocellen.com\/wp-content\/uploads\/sites\/7\/2013\/12\/maintext-300x221.jpg\" alt=\"maintext\" width=\"300\" height=\"221\" srcset=\"https:\/\/footwear.trocellen.com\/wp-content\/uploads\/sites\/7\/2013\/12\/maintext-300x221.jpg 300w, https:\/\/footwear.trocellen.com\/wp-content\/uploads\/sites\/7\/2013\/12\/maintext-1024x757.jpg 1024w, https:\/\/footwear.trocellen.com\/wp-content\/uploads\/sites\/7\/2013\/12\/maintext.jpg 1176w\" sizes=\"auto, (max-width: 300px) 100vw, 300px\" \/><\/a><\/p>\n<p>Progettate per passeggiare, per il trekking, per gli sport pi\u00f9 impegnativi o semplicemente per il loro aspetto accattivante, ci\u00f2 che importa \u00e8 che le calzature siano di ottima qualit\u00e0.<\/p>\n<p>Una buona calzatura ti fa sentire a tuo agio, aiuta la tua salute e supporta le tue capacit\u00e0 fisiche.<\/p>\n<p>La calzatura Europea \u00e8 uno standard, un punto di riferimento per chi produce scarpe in tutto il mondo.<\/p>\n<p>La qualit\u00e0 ha un costo? Si. Vale la pena sostenerlo? Noi crediamo di si.<\/p>\n<p>Il nostro obbiettivo \u00e8 una qualit\u00e0 conforme alla pi\u00f9 rigorose normative Europee.<\/p>\n<p>Il nostro team di professionisti \u00e8 impegnato nel soddisfare le esigenze tecniche dei clienti del settore calzaturiero e nell&#8217;esplorare nuove opportunit\u00e0 di innovazione.<\/p>\n<p>Con un ampio know-how,\u00a0mediante avanzati strumenti di test,\u00a0in stabilimenti dove si sviluppano\u00a0processi di trasformazione diversificati, rispondiamo alle elevate esigenze del settore calzaturiero.<\/p>\n<p>L&#8217;intensa attivit\u00e0\u00a0di ricerca e\u00a0di sviluppo delle applicazioni, consente a Trocellen di trovare sempre soluzioni ottimali, creative e innovative.<\/p>\n<p>Insieme ai nostri clienti,\u00a0la Business Unit\u00a0Calzature lavora costantemente per massimizzare\u00a0le prestazioni\u00a0della schiuma utilizzata nel settore calzaturiero,\u00a0offrendo comfort e\u00a0leggerezza per tutti i tipi di scarpe.<\/p>\n","protected":false},"excerpt":{"rendered":"<p>Leggerezza, sicurezza e comodit\u00e0. Trocellen offre molteplici soluzioni nel settore della calzatura garantendo elevati standard qualitativi e prestazioni di alto livello.<\/p>\n","protected":false},"author":6,"featured_media":0,"parent":0,"menu_order":0,"comment_status":"open","ping_status":"open","template":"","meta":{"_acf_changed":false,"footnotes":""},"class_list":["post-825","page","type-page","status-publish","hentry"],"acf":[],"yoast_head":"<!-- This site is optimized with the Yoast SEO plugin v23.5 - https:\/\/yoast.com\/wordpress\/plugins\/seo\/ -->\n<title>Calzatura Trocellen - Cos\u00ec semplice - Footwear<\/title>\n<meta name=\"robots\" content=\"index, follow, max-snippet:-1, max-image-preview:large, max-video-preview:-1\" \/>\n<link rel=\"canonical\" href=\"https:\/\/footwear.trocellen.com\/it\/calzatura-trocellen-cosi-semplice\/\" \/>\n<meta name=\"twitter:label1\" content=\"Tempo di lettura stimato\" \/>\n\t<meta name=\"twitter:data1\" content=\"1 minuto\" \/>\n<script type=\"application\/ld+json\" class=\"yoast-schema-graph\">{\"@context\":\"https:\/\/schema.org\",\"@graph\":[{\"@type\":\"WebPage\",\"@id\":\"https:\/\/footwear.trocellen.com\/it\/calzatura-trocellen-cosi-semplice\/\",\"url\":\"https:\/\/footwear.trocellen.com\/it\/calzatura-trocellen-cosi-semplice\/\",\"name\":\"Calzatura Trocellen - Cos\u00ec semplice - Footwear\",\"isPartOf\":{\"@id\":\"https:\/\/footwear.trocellen.com\/#website\"},\"primaryImageOfPage\":{\"@id\":\"https:\/\/footwear.trocellen.com\/it\/calzatura-trocellen-cosi-semplice\/#primaryimage\"},\"image\":{\"@id\":\"https:\/\/footwear.trocellen.com\/it\/calzatura-trocellen-cosi-semplice\/#primaryimage\"},\"thumbnailUrl\":\"https:\/\/footwear.trocellen.com\/wp-content\/uploads\/sites\/7\/2013\/12\/maintext-300x221.jpg\",\"datePublished\":\"2013-12-08T21:34:00+00:00\",\"dateModified\":\"2013-12-08T21:34:00+00:00\",\"breadcrumb\":{\"@id\":\"https:\/\/footwear.trocellen.com\/it\/calzatura-trocellen-cosi-semplice\/#breadcrumb\"},\"inLanguage\":\"it-IT\",\"potentialAction\":[{\"@type\":\"ReadAction\",\"target\":[\"https:\/\/footwear.trocellen.com\/it\/calzatura-trocellen-cosi-semplice\/\"]}]},{\"@type\":\"ImageObject\",\"inLanguage\":\"it-IT\",\"@id\":\"https:\/\/footwear.trocellen.com\/it\/calzatura-trocellen-cosi-semplice\/#primaryimage\",\"url\":\"https:\/\/footwear.trocellen.com\/wp-content\/uploads\/sites\/7\/2013\/12\/maintext-300x221.jpg\",\"contentUrl\":\"https:\/\/footwear.trocellen.com\/wp-content\/uploads\/sites\/7\/2013\/12\/maintext-300x221.jpg\"},{\"@type\":\"BreadcrumbList\",\"@id\":\"https:\/\/footwear.trocellen.com\/it\/calzatura-trocellen-cosi-semplice\/#breadcrumb\",\"itemListElement\":[{\"@type\":\"ListItem\",\"position\":1,\"name\":\"Home\",\"item\":\"https:\/\/footwear.trocellen.com\/it\/\"},{\"@type\":\"ListItem\",\"position\":2,\"name\":\"Calzatura Trocellen &#8211; Cos\u00ec semplice\"}]},{\"@type\":\"WebSite\",\"@id\":\"https:\/\/footwear.trocellen.com\/#website\",\"url\":\"https:\/\/footwear.trocellen.com\/\",\"name\":\"Footwear\",\"description\":\"\",\"potentialAction\":[{\"@type\":\"SearchAction\",\"target\":{\"@type\":\"EntryPoint\",\"urlTemplate\":\"https:\/\/footwear.trocellen.com\/?s={search_term_string}\"},\"query-input\":{\"@type\":\"PropertyValueSpecification\",\"valueRequired\":true,\"valueName\":\"search_term_string\"}}],\"inLanguage\":\"it-IT\"}]}<\/script>\n<!-- \/ Yoast SEO plugin. -->","yoast_head_json":{"title":"Calzatura Trocellen - Cos\u00ec semplice - Footwear","robots":{"index":"index","follow":"follow","max-snippet":"max-snippet:-1","max-image-preview":"max-image-preview:large","max-video-preview":"max-video-preview:-1"},"canonical":"https:\/\/footwear.trocellen.com\/it\/calzatura-trocellen-cosi-semplice\/","twitter_misc":{"Tempo di lettura stimato":"1 minuto"},"schema":{"@context":"https:\/\/schema.org","@graph":[{"@type":"WebPage","@id":"https:\/\/footwear.trocellen.com\/it\/calzatura-trocellen-cosi-semplice\/","url":"https:\/\/footwear.trocellen.com\/it\/calzatura-trocellen-cosi-semplice\/","name":"Calzatura Trocellen - Cos\u00ec semplice - Footwear","isPartOf":{"@id":"https:\/\/footwear.trocellen.com\/#website"},"primaryImageOfPage":{"@id":"https:\/\/footwear.trocellen.com\/it\/calzatura-trocellen-cosi-semplice\/#primaryimage"},"image":{"@id":"https:\/\/footwear.trocellen.com\/it\/calzatura-trocellen-cosi-semplice\/#primaryimage"},"thumbnailUrl":"https:\/\/footwear.trocellen.com\/wp-content\/uploads\/sites\/7\/2013\/12\/maintext-300x221.jpg","datePublished":"2013-12-08T21:34:00+00:00","dateModified":"2013-12-08T21:34:00+00:00","breadcrumb":{"@id":"https:\/\/footwear.trocellen.com\/it\/calzatura-trocellen-cosi-semplice\/#breadcrumb"},"inLanguage":"it-IT","potentialAction":[{"@type":"ReadAction","target":["https:\/\/footwear.trocellen.com\/it\/calzatura-trocellen-cosi-semplice\/"]}]},{"@type":"ImageObject","inLanguage":"it-IT","@id":"https:\/\/footwear.trocellen.com\/it\/calzatura-trocellen-cosi-semplice\/#primaryimage","url":"https:\/\/footwear.trocellen.com\/wp-content\/uploads\/sites\/7\/2013\/12\/maintext-300x221.jpg","contentUrl":"https:\/\/footwear.trocellen.com\/wp-content\/uploads\/sites\/7\/2013\/12\/maintext-300x221.jpg"},{"@type":"BreadcrumbList","@id":"https:\/\/footwear.trocellen.com\/it\/calzatura-trocellen-cosi-semplice\/#breadcrumb","itemListElement":[{"@type":"ListItem","position":1,"name":"Home","item":"https:\/\/footwear.trocellen.com\/it\/"},{"@type":"ListItem","position":2,"name":"Calzatura Trocellen &#8211; Cos\u00ec semplice"}]},{"@type":"WebSite","@id":"https:\/\/footwear.trocellen.com\/#website","url":"https:\/\/footwear.trocellen.com\/","name":"Footwear","description":"","potentialAction":[{"@type":"SearchAction","target":{"@type":"EntryPoint","urlTemplate":"https:\/\/footwear.trocellen.com\/?s={search_term_string}"},"query-input":{"@type":"PropertyValueSpecification","valueRequired":true,"valueName":"search_term_string"}}],"inLanguage":"it-IT"}]}},"_links":{"self":[{"href":"https:\/\/footwear.trocellen.com\/it\/wp-json\/wp\/v2\/pages\/825","targetHints":{"allow":["GET"]}}],"collection":[{"href":"https:\/\/footwear.trocellen.com\/it\/wp-json\/wp\/v2\/pages"}],"about":[{"href":"https:\/\/footwear.trocellen.com\/it\/wp-json\/wp\/v2\/types\/page"}],"author":[{"embeddable":true,"href":"https:\/\/footwear.trocellen.com\/it\/wp-json\/wp\/v2\/users\/6"}],"replies":[{"embeddable":true,"href":"https:\/\/footwear.trocellen.com\/it\/wp-json\/wp\/v2\/comments?post=825"}],"version-history":[{"count":0,"href":"https:\/\/footwear.trocellen.com\/it\/wp-json\/wp\/v2\/pages\/825\/revisions"}],"wp:attachment":[{"href":"https:\/\/footwear.trocellen.com\/it\/wp-json\/wp\/v2\/media?parent=825"}],"curies":[{"name":"wp","href":"https:\/\/api.w.org\/{rel}","templated":true}]}}