{"id":831,"date":"2013-12-08T21:47:47","date_gmt":"2013-12-08T21:47:47","guid":{"rendered":"https:\/\/footwear.usernet.hu\/tecnologia\/"},"modified":"2024-01-26T09:23:46","modified_gmt":"2024-01-26T09:23:46","slug":"tecnologia","status":"publish","type":"page","link":"https:\/\/footwear.trocellen.com\/it\/tecnologia\/","title":{"rendered":"Tecnologia"},"content":{"rendered":"<p>Trocellen \u00e8 il principale produttore europeo di schiuma di polietilene reticolata sia chimicamente che fisicamente.<\/p>\n<p>Le schiume prodotte da Trocellen sono utilizzate nel settore calzaturiero da 40 anni. Tra le caratteristiche principali, comuni a tutte le schiume XLPO sono da menzionare la leggerezza, propriet\u00e0 ingnifuga, basso assorbimento d&#8217;acqua, resistenza, propriet\u00e0 termoisolante, resistenza chimica, facilit\u00e0 di installazione e propriet\u00e0 termo-plasmabile.<\/p>\n<p>Avendo la tecnologia come base forte e creando un equilibrio sano tra l&#8217;esperienza intensa derivante dal passato e l&#8217;amibizione di rompere con le soluzioni tradizionali, Trocellen \u00e8 il vostro partner nel settore calzaturiero.<\/p>\n<h2>Le schiume di Trocellen<\/h2>\n<p><strong>Standard Schiume PE<\/strong> \u2013 una grande variet\u00e0 di densit\u00e0 e spessore, soluzioni ideali per applicazioni tecniche e di moda<br \/>\n<strong>Schiume PE rigide<\/strong> &#8211; soluzione adeguata per sostituire densit\u00e0 pi\u00f9 elevate, eccellente per la termoformatura<br \/>\n<strong>Schiume in EVA PE morbide<\/strong> \u2013 ampia gamma di utilizzo, con grandi propriet\u00e0 per imbottiture ad alta prestazione<br \/>\n<strong>Schiume in PU e rimbalzate<\/strong> \u2013 una grande variet\u00e0 di densit\u00e0, spessre e propriet\u00e0 del materiale che soddisfano perfettamente le richieste dei clienti e delle applicazioni<\/p>\n<h2>Trasformare le schiume in soluzioni<\/h2>\n<p>Oltre a fornire schiume, Trocellen ha sviluppato e investito in varie funzionalit\u00e0 di conversione, aggiungendo valore ai nostri prodotti in schiuma:<\/p>\n<ul>\n<li>Laminazione (usando aria calda, fiamma, infrarossi e hot melt) permettendo una combinazione con altre schiume, film, tessuti<\/li>\n<li>Rivestimento adesivo o termoadesivo usando hot melt<\/li>\n<li>Perforazione e goffratura<\/li>\n<\/ul>\n<p>Dalle prove di laboratorio, attraverso strumenti e costruzione di prototipi per l&#8217;analisi comparativa, Trocellen \u00e8 il vostro partner nel settore calzaturiero.<\/p>\n","protected":false},"excerpt":{"rendered":"<p>Trocellen \u00e8 il principale produttore europeo di schiuma di polietilene reticolata sia chimicamente che fisicamente. Le schiume prodotte da Trocellen sono utilizzate nel settore calzaturiero da 40 anni. Tra le caratteristiche principali, comuni a tutte le schiume XLPO sono da menzionare la leggerezza, propriet\u00e0 ingnifuga, basso assorbimento d&#8217;acqua, resistenza, propriet\u00e0 termoisolante, resistenza chimica, facilit\u00e0 di [&hellip;]<\/p>\n","protected":false},"author":6,"featured_media":0,"parent":0,"menu_order":0,"comment_status":"open","ping_status":"closed","template":"templates\/one-column.php","meta":{"_acf_changed":false,"footnotes":""},"class_list":["post-831","page","type-page","status-publish","hentry"],"acf":[],"yoast_head":"<!-- This site is optimized with the Yoast SEO plugin v23.5 - https:\/\/yoast.com\/wordpress\/plugins\/seo\/ -->\n<title>Tecnologia - Footwear<\/title>\n<meta name=\"robots\" content=\"index, follow, max-snippet:-1, max-image-preview:large, max-video-preview:-1\" \/>\n<link rel=\"canonical\" href=\"https:\/\/footwear.trocellen.com\/it\/tecnologia\/\" \/>\n<meta name=\"twitter:label1\" content=\"Tempo di lettura stimato\" \/>\n\t<meta name=\"twitter:data1\" content=\"2 minuti\" \/>\n<script type=\"application\/ld+json\" class=\"yoast-schema-graph\">{\"@context\":\"https:\/\/schema.org\",\"@graph\":[{\"@type\":\"WebPage\",\"@id\":\"https:\/\/footwear.trocellen.com\/it\/tecnologia\/\",\"url\":\"https:\/\/footwear.trocellen.com\/it\/tecnologia\/\",\"name\":\"Tecnologia - Footwear\",\"isPartOf\":{\"@id\":\"https:\/\/footwear.trocellen.com\/#website\"},\"datePublished\":\"2013-12-08T21:47:47+00:00\",\"dateModified\":\"2024-01-26T09:23:46+00:00\",\"breadcrumb\":{\"@id\":\"https:\/\/footwear.trocellen.com\/it\/tecnologia\/#breadcrumb\"},\"inLanguage\":\"it-IT\",\"potentialAction\":[{\"@type\":\"ReadAction\",\"target\":[\"https:\/\/footwear.trocellen.com\/it\/tecnologia\/\"]}]},{\"@type\":\"BreadcrumbList\",\"@id\":\"https:\/\/footwear.trocellen.com\/it\/tecnologia\/#breadcrumb\",\"itemListElement\":[{\"@type\":\"ListItem\",\"position\":1,\"name\":\"Home\",\"item\":\"https:\/\/footwear.trocellen.com\/it\/\"},{\"@type\":\"ListItem\",\"position\":2,\"name\":\"Tecnologia\"}]},{\"@type\":\"WebSite\",\"@id\":\"https:\/\/footwear.trocellen.com\/#website\",\"url\":\"https:\/\/footwear.trocellen.com\/\",\"name\":\"Footwear\",\"description\":\"\",\"potentialAction\":[{\"@type\":\"SearchAction\",\"target\":{\"@type\":\"EntryPoint\",\"urlTemplate\":\"https:\/\/footwear.trocellen.com\/?s={search_term_string}\"},\"query-input\":{\"@type\":\"PropertyValueSpecification\",\"valueRequired\":true,\"valueName\":\"search_term_string\"}}],\"inLanguage\":\"it-IT\"}]}<\/script>\n<!-- \/ Yoast SEO plugin. -->","yoast_head_json":{"title":"Tecnologia - Footwear","robots":{"index":"index","follow":"follow","max-snippet":"max-snippet:-1","max-image-preview":"max-image-preview:large","max-video-preview":"max-video-preview:-1"},"canonical":"https:\/\/footwear.trocellen.com\/it\/tecnologia\/","twitter_misc":{"Tempo di lettura stimato":"2 minuti"},"schema":{"@context":"https:\/\/schema.org","@graph":[{"@type":"WebPage","@id":"https:\/\/footwear.trocellen.com\/it\/tecnologia\/","url":"https:\/\/footwear.trocellen.com\/it\/tecnologia\/","name":"Tecnologia - Footwear","isPartOf":{"@id":"https:\/\/footwear.trocellen.com\/#website"},"datePublished":"2013-12-08T21:47:47+00:00","dateModified":"2024-01-26T09:23:46+00:00","breadcrumb":{"@id":"https:\/\/footwear.trocellen.com\/it\/tecnologia\/#breadcrumb"},"inLanguage":"it-IT","potentialAction":[{"@type":"ReadAction","target":["https:\/\/footwear.trocellen.com\/it\/tecnologia\/"]}]},{"@type":"BreadcrumbList","@id":"https:\/\/footwear.trocellen.com\/it\/tecnologia\/#breadcrumb","itemListElement":[{"@type":"ListItem","position":1,"name":"Home","item":"https:\/\/footwear.trocellen.com\/it\/"},{"@type":"ListItem","position":2,"name":"Tecnologia"}]},{"@type":"WebSite","@id":"https:\/\/footwear.trocellen.com\/#website","url":"https:\/\/footwear.trocellen.com\/","name":"Footwear","description":"","potentialAction":[{"@type":"SearchAction","target":{"@type":"EntryPoint","urlTemplate":"https:\/\/footwear.trocellen.com\/?s={search_term_string}"},"query-input":{"@type":"PropertyValueSpecification","valueRequired":true,"valueName":"search_term_string"}}],"inLanguage":"it-IT"}]}},"_links":{"self":[{"href":"https:\/\/footwear.trocellen.com\/it\/wp-json\/wp\/v2\/pages\/831","targetHints":{"allow":["GET"]}}],"collection":[{"href":"https:\/\/footwear.trocellen.com\/it\/wp-json\/wp\/v2\/pages"}],"about":[{"href":"https:\/\/footwear.trocellen.com\/it\/wp-json\/wp\/v2\/types\/page"}],"author":[{"embeddable":true,"href":"https:\/\/footwear.trocellen.com\/it\/wp-json\/wp\/v2\/users\/6"}],"replies":[{"embeddable":true,"href":"https:\/\/footwear.trocellen.com\/it\/wp-json\/wp\/v2\/comments?post=831"}],"version-history":[{"count":1,"href":"https:\/\/footwear.trocellen.com\/it\/wp-json\/wp\/v2\/pages\/831\/revisions"}],"predecessor-version":[{"id":1428,"href":"https:\/\/footwear.trocellen.com\/it\/wp-json\/wp\/v2\/pages\/831\/revisions\/1428"}],"wp:attachment":[{"href":"https:\/\/footwear.trocellen.com\/it\/wp-json\/wp\/v2\/media?parent=831"}],"curies":[{"name":"wp","href":"https:\/\/api.w.org\/{rel}","templated":true}]}}